{"id":1263,"date":"2022-06-03T08:18:38","date_gmt":"2022-06-03T08:18:38","guid":{"rendered":"https:\/\/www.zetaindustry.com\/?page_id=1263"},"modified":"2022-06-24T21:54:21","modified_gmt":"2022-06-24T21:54:21","slug":"kalite-politikasi","status":"publish","type":"page","link":"https:\/\/www.zetaindustry.com\/tr\/kalite-politikasi\/","title":{"rendered":"Kalite Politikas\u0131"},"content":{"rendered":"\t\t<div data-elementor-type=\"wp-page\" data-elementor-id=\"1263\" class=\"elementor elementor-1263\">\n\t\t\t\t\t\t<div class=\"elementor-inner\">\n\t\t\t\t<div class=\"elementor-section-wrap\">\n\t\t\t\t\t\t\t\t\t<section class=\"elementor-section elementor-top-section elementor-element elementor-element-c333076 elementor-section-boxed elementor-section-height-default elementor-section-height-default\" data-id=\"c333076\" data-element_type=\"section\">\n\t\t\t\t\t\t<div class=\"elementor-container elementor-column-gap-default\">\n\t\t\t\t\t\t\t<div class=\"elementor-row\">\n\t\t\t\t\t<div class=\"elementor-column elementor-col-100 elementor-top-column elementor-element elementor-element-2bad86f\" data-id=\"2bad86f\" data-element_type=\"column\">\n\t\t\t<div class=\"elementor-column-wrap elementor-element-populated\">\n\t\t\t\t\t\t\t<div class=\"elementor-widget-wrap\">\n\t\t\t\t\t\t<div class=\"elementor-element elementor-element-001c69f elementor-widget elementor-widget-spacer\" data-id=\"001c69f\" data-element_type=\"widget\" data-widget_type=\"spacer.default\">\n\t\t\t\t<div class=\"elementor-widget-container\">\n\t\t\t\t\t<div class=\"elementor-spacer\">\n\t\t\t<div class=\"elementor-spacer-inner\"><\/div>\n\t\t<\/div>\n\t\t\t\t<\/div>\n\t\t\t\t<\/div>\n\t\t\t\t\t\t<\/div>\n\t\t\t\t\t<\/div>\n\t\t<\/div>\n\t\t\t\t\t\t\t\t<\/div>\n\t\t\t\t\t<\/div>\n\t\t<\/section>\n\t\t\t\t<section class=\"elementor-section elementor-top-section elementor-element elementor-element-fa6c3d2 elementor-section-boxed elementor-section-height-default elementor-section-height-default\" data-id=\"fa6c3d2\" data-element_type=\"section\">\n\t\t\t\t\t\t<div class=\"elementor-container elementor-column-gap-default\">\n\t\t\t\t\t\t\t<div class=\"elementor-row\">\n\t\t\t\t\t<div class=\"elementor-column elementor-col-100 elementor-top-column elementor-element elementor-element-4470c66\" data-id=\"4470c66\" data-element_type=\"column\">\n\t\t\t<div class=\"elementor-column-wrap elementor-element-populated\">\n\t\t\t\t\t\t\t<div class=\"elementor-widget-wrap\">\n\t\t\t\t\t\t<div class=\"elementor-element elementor-element-1e20f94 elementor-widget elementor-widget-welcome-section\" data-id=\"1e20f94\" data-element_type=\"widget\" data-widget_type=\"welcome-section.default\">\n\t\t\t\t<div class=\"elementor-widget-container\">\n\t\t\t\t\t\t<div class=\"container\">\n\t\t\t\t<div class=\"row\">\n\t\t\t\t\t<div class=\"col-lg-6 col-md-12\">\n\t\t\t\t\t\t<div class=\"img-colarge\">\n\t\t\t\t\t\t\t<div class=\"colarge-1\">\n\t\t\t\t\t\t\t\t<img src=\"http:\/\/www.zetaindustry.com\/wp-content\/uploads\/2022\/06\/anasayfa_hakkimizda.jpeg\" alt=\"img\" class=\"slide-righ\">\n\t\t\t\t\t\t\t<\/div>\n\t\t\t\t\t\t\t<div class=\"since-year-outer\">\n\t\t\t\t\t\t\t\t<div class=\"since-year\">\n\t\t\t\t\t\t\t\t\t\t\t\t\t\t\t\t\t\t\t<span>Since<\/span>\n\t\t\t\t\t\t\t\t\t\t\t\t\t\t\t\t\t\t\t\t\t\t\t\t\t\t\t\t\t<strong>2010<\/strong>\n\t\t\t\t\t\t\t\t\t\t\t\t\t\t\t\t\t\t\t\n\t\t\t\t\t\t\t\t<\/div>\n\t\t\t\t\t\t\t<\/div>\n\t\t\t\t\t\t<\/div>\n\t\t\t\t\t<\/div>  \n\n\t\t\t\t\t<div class=\"col-lg-6 col-md-12\">\n\t\t\t\t\t\t<div class=\"welcom-to-section\">\n\t\t\t\t\t\t\t<!-- TITLE START-->\n\t\t\t\t\t\t\t\t\t\t\t\t\t\t\t<div class=\"left wt-small-separator-outer\">\n\t\t\t\t\t\t\t\t\t<div class=\"wt-small-separator site-text-primary\">\n\t\t\t\t\t\t\t\t\t\t<div class=\"sep-leaf-left\"><\/div>\n\t\t\t\t\t\t\t\t\t\t<div>Kalite Politikam\u0131z<\/div>\n\t\t\t\t\t\t\t\t\t\t<div class=\"sep-leaf-right\"><\/div>\n\t\t\t\t\t\t\t\t\t<\/div>\n\t\t\t\t\t\t\t\t<\/div>\t\n\t\t\t\t\t\t\t\t\t\t\t\t\t\t\t\t\t\t\t\t\t\t\t<h2>ZETA END\u00dcSTR\u0130YEL MALZEMELER<\/h2>\n\t\t\t\t\t\t\t\t\t\t\t\t\t\t\t\t\t\t\t\t\t\t\t<h5>Kalite Politikas\u0131<\/h5>\n<p class=\"\">\u00dcretim ve y\u00f6netsel s\u00fcre\u00e7lerimizin her a\u015famas\u0131nda ISO 9001 kalite y\u00f6netim sertifikasyonumuzun t\u00fcm s\u00fcre\u00e7lerini tam ve eksiksiz i\u015fleterek fonksiyonel bir y\u00f6netim anlay\u0131\u015f\u0131 benimsemek..<\/p>\n\t\t\t\t\t\t\t\t\t\t\t\t\t\t\t\n\t\t\t\t\t\t\t<div class=\"welcom-to-section-bottom d-flex justify-content-between\">\n\t\t\t\t\t\t\t\t\t\t\t\t\t\t\t\t\t\t\t\t\t\t\t\t<div class=\"welcom-sign-info\">\n\t\t\t\t\t\t\t\t\t\t\t\t\t\t\t\t\t\t\t\t\t\t\t\t\t\t\t\n\t\t\t\t\t\t\t\t<\/div>\n\t\t\t\t\t\t\t<\/div>   \n\t\t\t\t\t\t<\/div>\n\t\t\t\t\t<\/div>\n\t\t\t\t<\/div>\n\t\t\t<\/div>\n\t\t\t\t\t<\/div>\n\t\t\t\t<\/div>\n\t\t\t\t\t\t<\/div>\n\t\t\t\t\t<\/div>\n\t\t<\/div>\n\t\t\t\t\t\t\t\t<\/div>\n\t\t\t\t\t<\/div>\n\t\t<\/section>\n\t\t\t\t<section class=\"elementor-section elementor-top-section elementor-element elementor-element-745473c elementor-section-full_width elementor-section-height-default elementor-section-height-default\" data-id=\"745473c\" data-element_type=\"section\">\n\t\t\t\t\t\t<div class=\"elementor-container elementor-column-gap-default\">\n\t\t\t\t\t\t\t<div class=\"elementor-row\">\n\t\t\t\t\t<div class=\"elementor-column elementor-col-100 elementor-top-column elementor-element elementor-element-5bf24e7\" data-id=\"5bf24e7\" data-element_type=\"column\">\n\t\t\t<div class=\"elementor-column-wrap elementor-element-populated\">\n\t\t\t\t\t\t\t<div class=\"elementor-widget-wrap\">\n\t\t\t\t\t\t<div class=\"elementor-element elementor-element-a2db931 elementor-widget elementor-widget-info-section\" data-id=\"a2db931\" data-element_type=\"widget\" data-widget_type=\"info-section.default\">\n\t\t\t\t<div class=\"elementor-widget-container\">\n\t\t\t\t\t\t<div class=\"section-full  p-t80 p-b50 bg-white  bg-bottom-right bg-no-repeat\" style=\"background-image:url(https:\/\/gridvalley.net\/wp\/industroz\/wp-content\/uploads\/2020\/04\/bg-5.png)\">\n                <div class=\"container\">\n                    <div class=\"row d-flex justify-content-center\">\n                        <div class=\"col-lg-6 col-md-12 m-b30\">\n                            <!-- TITLE START-->\n                            <div class=\"left wt-small-separator-outer\">\n                                <div class=\"wt-small-separator site-text-primary\">\n                                    <div  class=\"sep-leaf-left\"><\/div>\n                                    <div>Zeta End\u00fcstri<\/div>\n                                    <div  class=\"sep-leaf-right\"><\/div>\n                                <\/div>\n                                <h2>\u00dcretimde K\u00fcresel Ba\u015far\u0131<\/h2>\n                                <p>AMER\u0130KA, AVRUPA, KANADA, K\u00d6RFEZ, AFR\u0130KA, ASYA, ORTA ASYA&#039;da bulunan t\u00fcm \u00fclkelere ihracat.<\/p>\n                            <\/div>\n                            <!-- TITLE END-->\n                            <div class=\"video-3-section-outer-bottom\">\n                                <div class=\"video-section2-outer mfp-gallery\">\n                                    <div class=\"video-section\">\n                                         <a href=\"#\" class=\"mfp-video play-now\">\n                                            <i class=\"icon fa fa-play\"><\/i>\n                                            <span class=\"ripple\"><\/span>\n                                        <\/a>                                              \n                                    <\/div>\t    \n                                <\/div> \n                                <div class=\"video3-section-blockquote\">\n                                    <i class=\"fa fa-quote-left\"><\/i>\n                                    <span class=\"q-author-detail site-text-secondry title-style-2\">T\u00fcm ihtiya\u00e7lar\u0131n\u0131z i\u00e7in bize ula\u015f\u0131n...<\/span>\n                                    <div class=\"q-author-name site-text-primary title-style-2\">Zeta End\u00fcstri<\/div>\n                                <\/div>\n                            <\/div>                                                                                  \n                        <\/div>\n                        <div class=\"col-lg-6 col-md-12 m-b30\">\n                             <div class=\"home-contact-section site-bg-primary p-a40\">\n                                <div role=\"form\" class=\"wpcf7\" id=\"wpcf7-f418-o1\" lang=\"en-US\" dir=\"ltr\">\n<div class=\"screen-reader-response\"><p role=\"status\" aria-live=\"polite\" aria-atomic=\"true\"><\/p> <ul><\/ul><\/div>\n<form action=\"\/tr\/wp-json\/wp\/v2\/pages\/1263#wpcf7-f418-o1\" method=\"post\" class=\"wpcf7-form init\" novalidate=\"novalidate\" data-status=\"init\">\n<div style=\"display: none;\">\n<input type=\"hidden\" name=\"_wpcf7\" value=\"418\" \/>\n<input type=\"hidden\" name=\"_wpcf7_version\" value=\"5.5.6.1\" \/>\n<input type=\"hidden\" name=\"_wpcf7_locale\" value=\"en_US\" \/>\n<input type=\"hidden\" name=\"_wpcf7_unit_tag\" value=\"wpcf7-f418-o1\" \/>\n<input type=\"hidden\" name=\"_wpcf7_container_post\" value=\"0\" \/>\n<input type=\"hidden\" name=\"_wpcf7_posted_data_hash\" value=\"\" \/>\n<\/div>\n<div class=\"cons-contact-form\">\n<div class=\"wt-small-separator-outer text-white\">\n<h2>\u0130leti\u015fim Formu<\/h2>\n<\/div>\n<div class=\"row\">\n<div class=\"col-md-6 col-sm-6\">\n<div class=\"form-group\"><span class=\"wpcf7-form-control-wrap text-619\"><input type=\"text\" name=\"text-619\" value=\"\" size=\"40\" class=\"wpcf7-form-control wpcf7-text wpcf7-validates-as-required form-control\" aria-required=\"true\" aria-invalid=\"false\" placeholder=\"Ad\u0131n\u0131z Soyad\u0131n\u0131z\" \/><\/span><\/div>\n<\/div>\n<div class=\"col-md-6 col-sm-6\">\n<div class=\"form-group\"><span class=\"wpcf7-form-control-wrap email-44\"><input type=\"email\" name=\"email-44\" value=\"\" size=\"40\" class=\"wpcf7-form-control wpcf7-text wpcf7-email wpcf7-validates-as-required wpcf7-validates-as-email form-control\" aria-required=\"true\" aria-invalid=\"false\" placeholder=\"E-Posta\" \/><\/span><\/div>\n<\/div>\n<div class=\"col-md-6 col-sm-6\">\n<div class=\"form-group\"><span class=\"wpcf7-form-control-wrap text-620\"><input type=\"text\" name=\"text-620\" value=\"\" size=\"40\" class=\"wpcf7-form-control wpcf7-text wpcf7-validates-as-required form-control\" aria-required=\"true\" aria-invalid=\"false\" placeholder=\"Telefon\" \/><\/span><\/div>\n<\/div>\n<div class=\"col-md-6 col-sm-6\">\n<div class=\"form-group\"><span class=\"wpcf7-form-control-wrap text-621\"><input type=\"text\" name=\"text-621\" value=\"\" size=\"40\" class=\"wpcf7-form-control wpcf7-text wpcf7-validates-as-required form-control\" aria-required=\"true\" aria-invalid=\"false\" placeholder=\"Konu\" \/><\/span><\/div>\n<\/div>\n<div class=\"col-md-12\">\n<div class=\"form-group\"><span class=\"wpcf7-form-control-wrap textarea-397\"><textarea name=\"textarea-397\" cols=\"40\" rows=\"10\" class=\"wpcf7-form-control wpcf7-textarea form-control\" aria-invalid=\"false\" placeholder=\"Mesaj\u0131n\u0131z\"><\/textarea><\/span><\/div>\n<\/div>\n<div class=\"col-md-12\"><input type=\"submit\" value=\"G\u00f6nder\" class=\"wpcf7-form-control has-spinner wpcf7-submit site-button-secondry site-btn-effect\" \/><\/div>\n<\/div>\n<\/div>\n<div class=\"wpcf7-response-output\" aria-hidden=\"true\"><\/div><\/form><\/div>                                       \n                            <\/div>\n                        <\/div>\n                   <\/div>\n\t\t\t\t<\/div>\n            <\/div>\n\t\t\t\t\t<\/div>\n\t\t\t\t<\/div>\n\t\t\t\t\t\t<\/div>\n\t\t\t\t\t<\/div>\n\t\t<\/div>\n\t\t\t\t\t\t\t\t<\/div>\n\t\t\t\t\t<\/div>\n\t\t<\/section>\n\t\t\t\t\t\t\t\t\t<\/div>\n\t\t\t<\/div>\n\t\t\t\t\t<\/div>\n\t\t","protected":false},"excerpt":{"rendered":"<p>Since 2010 Kalite Politikam\u0131z ZETA END\u00dcSTR\u0130YEL MALZEMELER Kalite Politikas\u0131 \u00dcretim ve y\u00f6netsel s\u00fcre\u00e7lerimizin her a\u015famas\u0131nda ISO 9001 kalite y\u00f6netim sertifikasyonumuzun t\u00fcm s\u00fcre\u00e7lerini tam ve eksiksiz i\u015fleterek fonksiyonel bir y\u00f6netim anlay\u0131\u015f\u0131 benimsemek.. Zeta End\u00fcstri \u00dcretimde K\u00fcresel Ba\u015far\u0131 AMER\u0130KA, AVRUPA, KANADA, K\u00d6RFEZ, AFR\u0130KA, ASYA, ORTA ASYA&#039;da bulunan t\u00fcm \u00fclkelere ihracat. T\u00fcm ihtiya\u00e7lar\u0131n\u0131z i\u00e7in bize ula\u015f\u0131n&#8230; Zeta End\u00fcstri [&hellip;]<\/p>\n","protected":false},"author":1,"featured_media":0,"parent":0,"menu_order":0,"comment_status":"closed","ping_status":"closed","template":"","meta":[],"acf":[],"_links":{"self":[{"href":"https:\/\/www.zetaindustry.com\/tr\/wp-json\/wp\/v2\/pages\/1263"}],"collection":[{"href":"https:\/\/www.zetaindustry.com\/tr\/wp-json\/wp\/v2\/pages"}],"about":[{"href":"https:\/\/www.zetaindustry.com\/tr\/wp-json\/wp\/v2\/types\/page"}],"author":[{"embeddable":true,"href":"https:\/\/www.zetaindustry.com\/tr\/wp-json\/wp\/v2\/users\/1"}],"replies":[{"embeddable":true,"href":"https:\/\/www.zetaindustry.com\/tr\/wp-json\/wp\/v2\/comments?post=1263"}],"version-history":[{"count":8,"href":"https:\/\/www.zetaindustry.com\/tr\/wp-json\/wp\/v2\/pages\/1263\/revisions"}],"predecessor-version":[{"id":2024,"href":"https:\/\/www.zetaindustry.com\/tr\/wp-json\/wp\/v2\/pages\/1263\/revisions\/2024"}],"wp:attachment":[{"href":"https:\/\/www.zetaindustry.com\/tr\/wp-json\/wp\/v2\/media?parent=1263"}],"curies":[{"name":"wp","href":"https:\/\/api.w.org\/{rel}","templated":true}]}}