{"id":1424,"date":"2022-06-04T07:07:49","date_gmt":"2022-06-04T07:07:49","guid":{"rendered":"https:\/\/www.zetaindustry.com\/?page_id=1424"},"modified":"2022-06-26T18:29:47","modified_gmt":"2022-06-26T18:29:47","slug":"epoksi-kapli-insaat-demiri-rebar","status":"publish","type":"page","link":"https:\/\/www.zetaindustry.com\/tr\/epoksi-kapli-insaat-demiri-rebar\/","title":{"rendered":"Epoksi Kapl\u0131 \u0130n\u015faat Demiri- Rebar"},"content":{"rendered":"\t\t<div data-elementor-type=\"wp-page\" data-elementor-id=\"1424\" class=\"elementor elementor-1424\">\n\t\t\t\t\t\t<div class=\"elementor-inner\">\n\t\t\t\t<div class=\"elementor-section-wrap\">\n\t\t\t\t\t\t\t\t\t<section class=\"elementor-section elementor-top-section elementor-element elementor-element-fa6c3d2 elementor-section-boxed elementor-section-height-default elementor-section-height-default\" data-id=\"fa6c3d2\" data-element_type=\"section\">\n\t\t\t\t\t\t<div class=\"elementor-container elementor-column-gap-default\">\n\t\t\t\t\t\t\t<div class=\"elementor-row\">\n\t\t\t\t\t<div class=\"elementor-column elementor-col-100 elementor-top-column elementor-element elementor-element-4470c66\" data-id=\"4470c66\" data-element_type=\"column\">\n\t\t\t<div class=\"elementor-column-wrap elementor-element-populated\">\n\t\t\t\t\t\t\t<div class=\"elementor-widget-wrap\">\n\t\t\t\t\t\t<div class=\"elementor-element elementor-element-1e20f94 elementor-widget elementor-widget-welcome-section\" data-id=\"1e20f94\" data-element_type=\"widget\" data-widget_type=\"welcome-section.default\">\n\t\t\t\t<div class=\"elementor-widget-container\">\n\t\t\t\t\t\t<!-- ABOUT SECTION START -->\n            <div class=\"section-full welcome-section-outer\">\n            \t<div class=\"welcome-section-top bg-white p-t80 p-b40\">\n\t\t\t\t\t<div class=\"container\">\n\t\t\t\t\t\t<div class=\"row\">\n\t\t\t\t\t\t\t<div class=\"col-lg-6 col-md-12\">\n\t\t\t\t\t\t\t\t<div class=\"img-colarge-new\">\n\t\t\t\t\t\t\t\t\t<div class=\"colarge-1-new\">\n\t\t\t\t\t\t\t\t\t\t<img src=\"http:\/\/www.zetaindustry.com\/wp-content\/uploads\/2022\/06\/epoksi-kapli-insaat-demiri-rebar.jpeg\" alt=\"img\" class=\"slide-righ\">\n\t\t\t\t\t\t\t\t\t<\/div>\n\t\t\t\t\t\t\t\t<\/div>\n\t\t\t\t\t\t\t<\/div>\n\t\t\t\t\t\t\t<div class=\"col-lg-6 col-md-12\">\n\t\t\t\t\t\t\t\t<div class=\"welcom-to-section-new\">\n\t\t\t\t\t\t\t\t\t<!-- TITLE START-->\n\t\t\t\t\t\t\t\t\t\t\t\t\t\t\t\t\t\t\t<div class=\"left wt-small-separator-outer\">\n\t\t\t\t\t\t\t\t\t\t\t<div class=\"wt-small-separator site-text-primary\">\n\t\t\t\t\t\t\t\t\t\t\t\t<div  class=\"sep-leaf-left\"><\/div>\n\t\t\t\t\t\t\t\t\t\t\t\t<div>ZETA END\u00dcSTR\u0130YEL MALZEMELER <\/div>\n\t\t\t\t\t\t\t\t\t\t\t\t<div  class=\"sep-leaf-right\"><\/div>\n\t\t\t\t\t\t\t\t\t\t\t<\/div>\n\t\t\t\t\t\t\t\t\t\t<\/div>\t\n\t\t\t\t\t\t\t\t\t\t\t\t\t\t\t\t\t\t\t\n\t\t\t\t\t\t\t\t\t\t\t\t\t\t\t\t\t\t\t<h2>EPOKS\u0130 KAPLI \u0130N\u015eAAT DEM\u0130R\u0130 - REBAR<\/h2>\n\t\t\t\t\t\t\t\t\t\t\t\n\t\t\t\t\t\t\t\t\t\t\t\t\t\t\t\t\t\t\t\t\t\t\t\t\t\t\t\t\t<p class=\"\">Stratejik nitelikli alt ve \u00fcst yap\u0131larda, yol, k\u00f6pr\u00fc, viyad\u00fcklerde ve end\u00fcstriyel tesislerde, \u00e7e\u015fitli ortam ve proses ko\u015fullar\u0131nda kullan\u0131lan kimyasallar\u0131n, ya\u011fmur suyu, nem gibi do\u011fal etkenlerin ve di\u011fer maddelerin, ta\u015f\u0131y\u0131c\u0131 g\u00f6rev g\u00f6ren ve temel beton ba\u011flant\u0131s\u0131n\u0131 sa\u011flayan temel betonu, beton platform, beton kolon ve kiri\u015fler i\u00e7erisindeki \u00e7elik donat\u0131lara \u00e7e\u015fitli nedenlerle ula\u015fmas\u0131 sonucunda bu donat\u0131larda korozyon ba\u015flamaktad\u0131r.\n<\/p>\t\t\t\t\t\t\t\t\t\t\t\t\t\t\t\t\t\t\t\n\t\t\t\t\t\t\t\t\t\t\t\t\t\t\t\t\t\t  \n\t\t\t\t\t\t\t\t<\/div>\n\t\t\t\t\t\t\t<\/div>\n\n\t\t\t\t\t\t<\/div>\n\t\t\t\t\t<\/div>\n                <\/div>\n            <\/div>\n\t\t\t\t\t<\/div>\n\t\t\t\t<\/div>\n\t\t\t\t\t\t<\/div>\n\t\t\t\t\t<\/div>\n\t\t<\/div>\n\t\t\t\t\t\t\t\t<\/div>\n\t\t\t\t\t<\/div>\n\t\t<\/section>\n\t\t\t\t<section class=\"elementor-section elementor-top-section elementor-element elementor-element-246e24b elementor-section-boxed elementor-section-height-default elementor-section-height-default\" data-id=\"246e24b\" data-element_type=\"section\">\n\t\t\t\t\t\t<div class=\"elementor-container elementor-column-gap-default\">\n\t\t\t\t\t\t\t<div class=\"elementor-row\">\n\t\t\t\t\t<div class=\"elementor-column elementor-col-100 elementor-top-column elementor-element elementor-element-4d7f1ad\" data-id=\"4d7f1ad\" data-element_type=\"column\">\n\t\t\t<div class=\"elementor-column-wrap elementor-element-populated\">\n\t\t\t\t\t\t\t<div class=\"elementor-widget-wrap\">\n\t\t\t\t\t\t<div class=\"elementor-element elementor-element-f54965a elementor-widget elementor-widget-text-editor\" data-id=\"f54965a\" data-element_type=\"widget\" data-widget_type=\"text-editor.default\">\n\t\t\t\t<div class=\"elementor-widget-container\">\n\t\t\t\t\t\t\t\t<div class=\"elementor-text-editor elementor-clearfix\">\n\t\t\t\t<p>Kolon, dram, e\u015fanj\u00f6r ve di\u011fer \u00e7elik konstr\u00fcksiyonlar\u0131 ta\u015f\u0131yan beton yap\u0131 elemanlar\u0131 i\u00e7indeki \u00e7elik donat\u0131 ya\u011fmur, nem ve asidik veya bazik \u00f6zellikteki kimyasal ka\u00e7aklardan etkilenerek; korozif iyonlar\u0131n \u00e7imento hamurunu karbonatla\u015ft\u0131rmas\u0131 sonucu \u00e7elik donat\u0131y\u0131 \u00e7evreleyen pH\u2019\u0131 azalt\u0131r.<\/p><p>Beton i\u00e7indeki korozif iyonlar donat\u0131n\u0131n \u00e7elik y\u00fczeyindeki pasif filmi bozar ve korozyon ba\u015flar. Olu\u015fan korozyon, yap\u0131n\u0131n proje a\u015famas\u0131nda titizlikle yap\u0131lan statik hesaplar\u0131n\u0131 olumsuz y\u00f6nde etkileyecek, yap\u0131n\u0131n fiziki \u00f6mr\u00fcn\u00fcn k\u0131salmas\u0131na neden olacakt\u0131r. Ciddi maddi kay\u0131p anlam\u0131na gelen bu durum Stratejik nitelikteki yap\u0131lar i\u00e7in ayn\u0131 zamanda bir g\u00fcvelik riski anlam\u0131na gelir.<\/p><p><b>Donat\u0131 \u00e7ubuklar\u0131n\u0131n yani Epoksi Kapl\u0131 \u0130n\u015faat Demiri \u2013 Rebar \u00fcr\u00fcnlerinin epoksi kaplanmas\u0131 i\u00e7in t\u00fcm d\u00fcnyada en \u00e7ok kabul g\u00f6ren standart ASTM A 775\/775M dir.<\/b>\u00a0is used to strengthen the reinforced concrete construction. It is generally called as rebar abroad.<\/p><p><b>Epoksi Kapl\u0131 \u0130n\u015faat Demiri \u2013 Rebar<\/b>\u00a0\u0130lk Epoksi Kapl\u0131 \u0130n\u015faat Demiri \u2013 Rebar, 1973 y\u0131l\u0131nda Amerika\u2019da Philadelphia yak\u0131nlar\u0131ndaki Schuyklkil k\u00f6pr\u00fcs\u00fcnde kullan\u0131lm\u0131\u015ft\u0131r. Kuzey Amerika\u2019da betonarme yap\u0131lar\u0131n korozyondan korunmas\u0131 i\u00e7in temel y\u00f6ntem olarak kullan\u0131lan bu uygulama Orta Do\u011fu ve Asya\u2019da da yayg\u0131n olarak kullan\u0131lmaktad\u0131r.<\/p><p>The worldwide accepted standard for\u00a0<b>Epoksi Kapl\u0131 \u0130n\u015faat Demiri \u2013 Rebar<\/b>, namely epoxy-coated rebars, is ASTM A 775 \/ 775 M.<\/p><p>The first\u00a0<b>Epoksi Kapl\u0131 \u0130n\u015faat Demiri \u2013 Rebar<\/b>\u00a0had been used in 1973 in the construction of Schuyklkil bridge near Philadelphia, USA. Having been used as a basic method to protect the reinforced concrete constructions from corrosion in North America, this method is widely used in Middle East and Asian countries as well.<\/p><p>In USA and Europe, the use of\u00a0<b>Epoxy-Coated Rebars<\/b>\u00a0which are manufactured in ASTM Standards in airports and highways is stipulated in technical specifications as standard.<\/p><p>Places such as concrete roads, bridges, viaducts, industrial plants etc. are exposed to many natural and chemical factors such as rainwater, moisture etc. When these factors penetrate into steel fittings inside the foundation concretes, concrete platforms, concrete columns and beams which function as load-bearing components, they cause corrosion in these parts.<\/p><p>These corrosions decrease the Power of Hydrogen (pH) which ensures durability and surrounds the steel equipment inside the concrete construction materials bearing the columns, drums, exchanger and other steel constructions. Abrasion and wear caused by the corrosion lead to corrosion and volume expansion and cause cracks in concrete blocks, cut loss in iron equipment inside the concrete and decrease in mechanical strength and endurance against the load carried. Reparation works as a result of cracking and deformation of the concrete and new steel equipment costs would cost more especially in terms of security of life.<\/p><p>Thanks to\u00a0<b>Epoksi Kapl\u0131 \u0130n\u015faat Demiri \u2013 Rebar<\/b>\u00a0is a physical and electrochemical barrier which is formed on the steel and the equipment is isolated and protected from corrosion. For that reason, it is very crucial to use\u00a0<b>Epoksi Kapl\u0131 \u0130n\u015faat Demiri \u2013 Rebar<\/b>\u00a0during construction.<\/p><p>There are many tests performed using\u00a0<b>Epoksi Kapl\u0131 \u0130n\u015faat Demiri \u2013 Rebar<\/b>\u00a0throughout the world. According to these test results,\u00a0<b>Epoksi Kapl\u0131 \u0130n\u015faat Demiri \u2013 Rebar<\/b>\u00a0is much more durable than ordinary products. Moreover, when the cost calculation is considered, it almost returns 50% profit in the long term.<\/p><p>Just like the manufacturing process, the packaging and shipment processes of the\u00a0<b>Epoksi Kapl\u0131 \u0130n\u015faat Demiri \u2013 Rebar<\/b>\u00a0is very crucial to avoid any probable damage. Manufactured rebar products are covered with specially designed plastic packaging materials and then shipped properly. However,\u00a0<b>Epoksi Kapl\u0131 \u0130n\u015faat Demiri \u2013 Rebar<\/b>\u00a0to be packaged as desired in line with the qualifications of the project.<\/p><h3>Teknik \u00d6zellikler<\/h3><p>Epoksi Kapl\u0131 \u0130n\u015faat Demiri \u2013 Rebar t\u0131pk\u0131 Kayma Demiri \u2013 Dowelbar gibi beton alanlar\u0131n g\u00fc\u00e7lendirilmesi ve olu\u015facak korozyonu engellemesi i\u00e7in kullan\u0131lan \u00e7elik donat\u0131lard\u0131r.<\/p><h3>Epoksi kapl\u0131 in\u015faat demiri nerelerde kullan\u0131lmaktad\u0131r?<\/h3><p><b>Epoksi Kapl\u0131 \u0130n\u015faat Demiri \u2013 Rebar<\/b>\u00a0g\u00fcn\u00fcm\u00fczde sadece stratejik nitelikteki projelerde de\u011fil \u00f6zellikle nem oran\u0131n\u0131n fazla oldu\u011fu co\u011frafyalarda yap\u0131 g\u00fcvenli\u011fi ve yap\u0131n\u0131n ya\u015fam d\u00f6ng\u00fc maliyetine katk\u0131 sa\u011flar nitelikte tedbirlerle standart projelerde de talep g\u00f6ren bir \u00fcr\u00fcn haline geldiyse de genel kullan\u0131m alan\u0131 a\u015fa\u011f\u0131daki \u015fekliyledir;<\/p><p><b>K\u00f6pr\u00fc ve Viyad\u00fck:<\/b>K\u00f6pr\u00fc ve beton kaplamal\u0131 viyad\u00fckler \u00e7ok uzun y\u0131llar dayan\u0131kl\u0131 olmas\u0131 gerekmektedir. K\u00f6pr\u00fc ve viyad\u00fck in\u015fas\u0131nda Epoksi Kapl\u0131 \u0130n\u015faat Demiri \u2013 Rebar mutlaka kullan\u0131lmal\u0131d\u0131r. Korozyona kar\u015f\u0131 daha fazla mukavemet g\u00f6sterip daha uzun \u00f6m\u00fcrl\u00fc \u00f6m\u00fcrl\u00fc olabilmesi Epoksi Kapl\u0131 \u0130n\u015faat Demiri \u2013 Rebar\u2019\u0131n kullan\u0131lmas\u0131na ba\u011fl\u0131d\u0131r.\u00a0<b>Epoksi Kapl\u0131 \u0130n\u015faat Demiri \u2013 Rebar<\/b>\u00a0must necessarily be used in the construction of the bridges and viaducts. Resistance against corrosion and long service life depends on the use of epoxy-coated rebars.<\/p><p><b>Enerji Santralleri:<\/b>Barajlar:\u00a0<b>Epoksi Kapl\u0131 \u0130n\u015faat Demiri \u2013 Rebar<\/b>\u00a0is used in steel equipments of many chemical plants and power plants in Europe and America.<\/p><p><b>Kapl\u0131 \u0130n\u015faat Demiri \u2013 Rebar<\/b>\u00a0Epoksi Kapl\u0131 \u0130n\u015faat Demiri \u2013 Rebar, barajlarda mutlaka kullan\u0131lmas\u0131 gereken alt yap\u0131 malzemelerinden biridir. S\u00fcrekli su, nem, ya\u011fmur suyu gibi asit i\u00e7eren veya do\u011fal hava \u015fartlar\u0131 ile temas halinde olan barajlar\u0131n yap\u0131s\u0131nda korozyon \u00e7ok daha h\u0131zl\u0131 ilerlemektedir. Bu ilerlemenin \u00f6n\u00fcne ge\u00e7mek i\u00e7in barajlar\u0131n i\u00e7erisinde mutlaka Epoksi Kapl\u0131 \u0130n\u015faat Demiri \u2013 Rebar kullan\u0131lmal\u0131 ve barajlar\u0131n \u00f6mr\u00fc \u00e7ok daha fazla uzun olmas\u0131 sa\u011flanmal\u0131d\u0131r.<\/p><p><b>A.V.M :<\/b>Al\u0131\u015fveri\u015f merkezlerinin zemini g\u00fcn boyu hem ara\u00e7 hem insan trafi\u011finin yo\u011funlu\u011funa maruz kalmaktad\u0131r. Al\u0131\u015f veri\u015f merkezlerinin de uzun \u00f6m\u00fcrl\u00fc \u015fekilde kalmas\u0131n\u0131 sa\u011flamak i\u00e7in mutlaka Epoksi Kapl\u0131 \u0130n\u015faat Demiri \u2013 Rebar kullan\u0131lmas\u0131 gerekmektedir.<\/p><p><b>Y\u00fcksek Yap\u0131lar:<\/b>Plaza, g\u00f6kdelen ve rezidans gibi yap\u0131lar g\u00fc\u00e7l\u00fc bir temel ve alt yap\u0131ya sahip olmas\u0131 gerekmektedir. Bu nedenle t\u00fcksek yap\u0131lar\u0131n temelinde mutlaka Epoksi Kapl\u0131 \u0130n\u015faat Demiri \u2013 Rebar kullan\u0131lmas\u0131 gerekmektedir.<\/p><h3>Epoksi kapl\u0131 in\u015faat demirinin betona tutulma kuvveti nas\u0131ld\u0131r ?<\/h3><p>Epoksi Kapl\u0131 \u0130n\u015faat Demiri \u2013 Rebar, \u00fczerindeki boya gerek\u00e7esiyle betona tutunma kuvveti azal\u0131r d\u00fc\u015f\u00fcncesi tamamen yan\u0131lt\u0131c\u0131 bir d\u00fc\u015f\u00fcncedir. Epoksi Kapl\u0131 \u0130n\u015faat Demiri \u2013 Rebar di\u011fer \u00fcr\u00fcnlerin aksine \u00e7ok daha fazla betona tutunma kuvveti bulunan malzemelerdir.<\/p><p>\u00c7ekme \u2013 birim uzama e\u011frisindeki elastik b\u00f6lgedeki do\u011frunun e\u011fimine (tga) elastiklik mod\u00fcl\u00fc E (MPa) ad\u0131 verilir. Elastiklik mod\u00fcl\u00fcn\u00fcn de\u011ferini atomlar aras\u0131 ba\u011f kuvvet e\u011frisinin ba\u015flang\u0131\u015f e\u011fimi belirler.Bu e\u011frinin ba\u015flang\u0131\u00e7 e\u011fimi ne kadar b\u00fcy\u00fckse, o malzemenin elastiklik mod\u00fcl\u00fc (MPa)o kadar b\u00fcy\u00fckt\u00fcr, bir ba\u015fka deyi\u015fle malzeme o kadar rijittir. Aksi takdirde malzeme esnek olur. A\u015fa\u011f\u0131daki tabloda Epoksi Kapl\u0131 \u0130n\u015faat Demiri \u2013 Rebar\u2019\u0131n \u00e7ekme testlerinin istatistikleri verilmi\u015ftir. MPa sonu\u00e7lar\u0131nda g\u00f6r\u00fcld\u00fc\u011f\u00fc gibi en y\u00fcksek tutunma de\u011ferleri epoksi kapl\u0131 bu \u00e7elik donat\u0131lard\u0131r.<\/p>\t\t\t\t\t<\/div>\n\t\t\t\t\t\t<\/div>\n\t\t\t\t<\/div>\n\t\t\t\t\t\t<\/div>\n\t\t\t\t\t<\/div>\n\t\t<\/div>\n\t\t\t\t\t\t\t\t<\/div>\n\t\t\t\t\t<\/div>\n\t\t<\/section>\n\t\t\t\t<section class=\"elementor-section elementor-top-section elementor-element elementor-element-ddc2661 elementor-section-boxed elementor-section-height-default elementor-section-height-default\" data-id=\"ddc2661\" data-element_type=\"section\">\n\t\t\t\t\t\t<div class=\"elementor-container elementor-column-gap-default\">\n\t\t\t\t\t\t\t<div class=\"elementor-row\">\n\t\t\t\t\t<div class=\"elementor-column elementor-col-100 elementor-top-column elementor-element elementor-element-aa4e690\" data-id=\"aa4e690\" data-element_type=\"column\">\n\t\t\t<div class=\"elementor-column-wrap elementor-element-populated\">\n\t\t\t\t\t\t\t<div class=\"elementor-widget-wrap\">\n\t\t\t\t\t\t<div class=\"elementor-element elementor-element-09501f4 elementor-widget elementor-widget-image\" data-id=\"09501f4\" data-element_type=\"widget\" data-widget_type=\"image.default\">\n\t\t\t\t<div class=\"elementor-widget-container\">\n\t\t\t\t\t\t\t\t<div class=\"elementor-image\">\n\t\t\t\t\t\t\t\t\t\t\t\t<img width=\"540\" height=\"196\" src=\"https:\/\/www.zetaindustry.com\/tr\/wp-content\/uploads\/2022\/06\/detay-16.jpeg\" class=\"attachment-full size-full\" alt=\"\" loading=\"lazy\" srcset=\"https:\/\/www.zetaindustry.com\/tr\/wp-content\/uploads\/2022\/06\/detay-16.jpeg 540w, https:\/\/www.zetaindustry.com\/tr\/wp-content\/uploads\/2022\/06\/detay-16-300x109.jpeg 300w, https:\/\/www.zetaindustry.com\/tr\/wp-content\/uploads\/2022\/06\/detay-16-18x7.jpeg 18w\" sizes=\"(max-width: 540px) 100vw, 540px\" \/>\t\t\t\t\t\t\t\t\t\t\t\t\t\t<\/div>\n\t\t\t\t\t\t<\/div>\n\t\t\t\t<\/div>\n\t\t\t\t\t\t<\/div>\n\t\t\t\t\t<\/div>\n\t\t<\/div>\n\t\t\t\t\t\t\t\t<\/div>\n\t\t\t\t\t<\/div>\n\t\t<\/section>\n\t\t\t\t<section class=\"elementor-section elementor-top-section elementor-element elementor-element-745473c elementor-section-full_width elementor-section-height-default elementor-section-height-default\" data-id=\"745473c\" data-element_type=\"section\">\n\t\t\t\t\t\t<div class=\"elementor-container elementor-column-gap-default\">\n\t\t\t\t\t\t\t<div class=\"elementor-row\">\n\t\t\t\t\t<div class=\"elementor-column elementor-col-100 elementor-top-column elementor-element elementor-element-5bf24e7\" data-id=\"5bf24e7\" data-element_type=\"column\">\n\t\t\t<div class=\"elementor-column-wrap elementor-element-populated\">\n\t\t\t\t\t\t\t<div class=\"elementor-widget-wrap\">\n\t\t\t\t\t\t<div class=\"elementor-element elementor-element-a2db931 elementor-widget elementor-widget-info-section\" data-id=\"a2db931\" data-element_type=\"widget\" data-widget_type=\"info-section.default\">\n\t\t\t\t<div class=\"elementor-widget-container\">\n\t\t\t\t\t\t<div class=\"section-full  p-t80 p-b50 bg-white  bg-bottom-right bg-no-repeat\" style=\"background-image:url(https:\/\/gridvalley.net\/wp\/industroz\/wp-content\/uploads\/2020\/04\/bg-5.png)\">\n                <div class=\"container\">\n                    <div class=\"row d-flex justify-content-center\">\n                        <div class=\"col-lg-6 col-md-12 m-b30\">\n                            <!-- TITLE START-->\n                            <div class=\"left wt-small-separator-outer\">\n                                <div class=\"wt-small-separator site-text-primary\">\n                                    <div  class=\"sep-leaf-left\"><\/div>\n                                    <div>Zeta End\u00fcstri <\/div>\n                                    <div  class=\"sep-leaf-right\"><\/div>\n                                <\/div>\n                                <h2>\u00dcretimde K\u00fcresel Ba\u015far\u0131<\/h2>\n                                <p>AMER\u0130KA, AVRUPA, KANADA, K\u00d6RFEZ, AFR\u0130KA, ASYA, ORTA ASYA&#039;da bulunan t\u00fcm \u00fclkelere ihracat.<\/p>\n                            <\/div>\n                            <!-- TITLE END-->\n                            <div class=\"video-3-section-outer-bottom\">\n                                <div class=\"video-section2-outer mfp-gallery\">\n                                    <div class=\"video-section\">\n                                         <a href=\"#\" class=\"mfp-video play-now\">\n                                            <i class=\"icon fa fa-play\"><\/i>\n                                            <span class=\"ripple\"><\/span>\n                                        <\/a>                                              \n                                    <\/div>\t    \n                                <\/div> \n                                <div class=\"video3-section-blockquote\">\n                                    <i class=\"fa fa-quote-left\"><\/i>\n                                    <span class=\"q-author-detail site-text-secondry title-style-2\">T\u00fcm ihtiya\u00e7lar\u0131n\u0131z i\u00e7in bize ula\u015f\u0131n...<\/span>\n                                    <div class=\"q-author-name site-text-primary title-style-2\">Zeta End\u00fcstri <\/div>\n                                <\/div>\n                            <\/div>                                                                                  \n                        <\/div>\n                        <div class=\"col-lg-6 col-md-12 m-b30\">\n                             <div class=\"home-contact-section site-bg-primary p-a40\">\n                                <div role=\"form\" class=\"wpcf7\" id=\"wpcf7-f418-o1\" lang=\"en-US\" dir=\"ltr\">\n<div class=\"screen-reader-response\"><p role=\"status\" aria-live=\"polite\" aria-atomic=\"true\"><\/p> <ul><\/ul><\/div>\n<form action=\"\/tr\/wp-json\/wp\/v2\/pages\/1424#wpcf7-f418-o1\" method=\"post\" class=\"wpcf7-form init\" novalidate=\"novalidate\" data-status=\"init\">\n<div style=\"display: none;\">\n<input type=\"hidden\" name=\"_wpcf7\" value=\"418\" \/>\n<input type=\"hidden\" name=\"_wpcf7_version\" value=\"5.5.6.1\" \/>\n<input type=\"hidden\" name=\"_wpcf7_locale\" value=\"en_US\" \/>\n<input type=\"hidden\" name=\"_wpcf7_unit_tag\" value=\"wpcf7-f418-o1\" \/>\n<input type=\"hidden\" name=\"_wpcf7_container_post\" value=\"0\" \/>\n<input type=\"hidden\" name=\"_wpcf7_posted_data_hash\" value=\"\" \/>\n<\/div>\n<div class=\"cons-contact-form\">\n<div class=\"wt-small-separator-outer text-white\">\n<h2>\u0130leti\u015fim Formu<\/h2>\n<\/div>\n<div class=\"row\">\n<div class=\"col-md-6 col-sm-6\">\n<div class=\"form-group\"><span class=\"wpcf7-form-control-wrap text-619\"><input type=\"text\" name=\"text-619\" value=\"\" size=\"40\" class=\"wpcf7-form-control wpcf7-text wpcf7-validates-as-required form-control\" aria-required=\"true\" aria-invalid=\"false\" placeholder=\"Ad\u0131n\u0131z Soyad\u0131n\u0131z\" \/><\/span><\/div>\n<\/div>\n<div class=\"col-md-6 col-sm-6\">\n<div class=\"form-group\"><span class=\"wpcf7-form-control-wrap email-44\"><input type=\"email\" name=\"email-44\" value=\"\" size=\"40\" class=\"wpcf7-form-control wpcf7-text wpcf7-email wpcf7-validates-as-required wpcf7-validates-as-email form-control\" aria-required=\"true\" aria-invalid=\"false\" placeholder=\"E-Posta\" \/><\/span><\/div>\n<\/div>\n<div class=\"col-md-6 col-sm-6\">\n<div class=\"form-group\"><span class=\"wpcf7-form-control-wrap text-620\"><input type=\"text\" name=\"text-620\" value=\"\" size=\"40\" class=\"wpcf7-form-control wpcf7-text wpcf7-validates-as-required form-control\" aria-required=\"true\" aria-invalid=\"false\" placeholder=\"Telefon\" \/><\/span><\/div>\n<\/div>\n<div class=\"col-md-6 col-sm-6\">\n<div class=\"form-group\"><span class=\"wpcf7-form-control-wrap text-621\"><input type=\"text\" name=\"text-621\" value=\"\" size=\"40\" class=\"wpcf7-form-control wpcf7-text wpcf7-validates-as-required form-control\" aria-required=\"true\" aria-invalid=\"false\" placeholder=\"Konu\" \/><\/span><\/div>\n<\/div>\n<div class=\"col-md-12\">\n<div class=\"form-group\"><span class=\"wpcf7-form-control-wrap textarea-397\"><textarea name=\"textarea-397\" cols=\"40\" rows=\"10\" class=\"wpcf7-form-control wpcf7-textarea form-control\" aria-invalid=\"false\" placeholder=\"Mesaj\u0131n\u0131z\"><\/textarea><\/span><\/div>\n<\/div>\n<div class=\"col-md-12\"><input type=\"submit\" value=\"G\u00f6nder\" class=\"wpcf7-form-control has-spinner wpcf7-submit site-button-secondry site-btn-effect\" \/><\/div>\n<\/div>\n<\/div>\n<div class=\"wpcf7-response-output\" aria-hidden=\"true\"><\/div><\/form><\/div>                                       \n                            <\/div>\n                        <\/div>\n                   <\/div>\n\t\t\t\t<\/div>\n            <\/div>\n\t\t\t\t\t<\/div>\n\t\t\t\t<\/div>\n\t\t\t\t\t\t<\/div>\n\t\t\t\t\t<\/div>\n\t\t<\/div>\n\t\t\t\t\t\t\t\t<\/div>\n\t\t\t\t\t<\/div>\n\t\t<\/section>\n\t\t\t\t\t\t\t\t\t<\/div>\n\t\t\t<\/div>\n\t\t\t\t\t<\/div>\n\t\t","protected":false},"excerpt":{"rendered":"<p>ZETA END\u00dcSTR\u0130YEL MALZEMELER EPOKS\u0130 KAPLI \u0130N\u015eAAT DEM\u0130R\u0130 &#8211; REBAR Stratejik nitelikli alt ve \u00fcst yap\u0131larda, yol, k\u00f6pr\u00fc, viyad\u00fcklerde ve end\u00fcstriyel tesislerde, \u00e7e\u015fitli ortam ve proses ko\u015fullar\u0131nda kullan\u0131lan kimyasallar\u0131n, ya\u011fmur suyu, nem gibi do\u011fal etkenlerin ve di\u011fer maddelerin, ta\u015f\u0131y\u0131c\u0131 g\u00f6rev g\u00f6ren ve temel beton ba\u011flant\u0131s\u0131n\u0131 sa\u011flayan temel betonu, beton platform, beton kolon ve kiri\u015fler i\u00e7erisindeki \u00e7elik [&hellip;]<\/p>\n","protected":false},"author":1,"featured_media":0,"parent":0,"menu_order":0,"comment_status":"closed","ping_status":"closed","template":"","meta":[],"acf":[],"_links":{"self":[{"href":"https:\/\/www.zetaindustry.com\/tr\/wp-json\/wp\/v2\/pages\/1424"}],"collection":[{"href":"https:\/\/www.zetaindustry.com\/tr\/wp-json\/wp\/v2\/pages"}],"about":[{"href":"https:\/\/www.zetaindustry.com\/tr\/wp-json\/wp\/v2\/types\/page"}],"author":[{"embeddable":true,"href":"https:\/\/www.zetaindustry.com\/tr\/wp-json\/wp\/v2\/users\/1"}],"replies":[{"embeddable":true,"href":"https:\/\/www.zetaindustry.com\/tr\/wp-json\/wp\/v2\/comments?post=1424"}],"version-history":[{"count":18,"href":"https:\/\/www.zetaindustry.com\/tr\/wp-json\/wp\/v2\/pages\/1424\/revisions"}],"predecessor-version":[{"id":2171,"href":"https:\/\/www.zetaindustry.com\/tr\/wp-json\/wp\/v2\/pages\/1424\/revisions\/2171"}],"wp:attachment":[{"href":"https:\/\/www.zetaindustry.com\/tr\/wp-json\/wp\/v2\/media?parent=1424"}],"curies":[{"name":"wp","href":"https:\/\/api.w.org\/{rel}","templated":true}]}}