{"id":1641,"date":"2022-06-08T07:38:35","date_gmt":"2022-06-08T07:38:35","guid":{"rendered":"https:\/\/www.zetaindustry.com\/?page_id=1641"},"modified":"2022-06-26T19:11:15","modified_gmt":"2022-06-26T19:11:15","slug":"metal","status":"publish","type":"page","link":"https:\/\/www.zetaindustry.com\/tr\/metal\/","title":{"rendered":"Metal"},"content":{"rendered":"\t\t<div data-elementor-type=\"wp-page\" data-elementor-id=\"1641\" class=\"elementor elementor-1641\">\n\t\t\t\t\t\t<div class=\"elementor-inner\">\n\t\t\t\t<div class=\"elementor-section-wrap\">\n\t\t\t\t\t\t\t\t\t<section class=\"elementor-section elementor-top-section elementor-element elementor-element-49603bd elementor-section-boxed elementor-section-height-default elementor-section-height-default\" data-id=\"49603bd\" data-element_type=\"section\">\n\t\t\t\t\t\t<div class=\"elementor-container elementor-column-gap-default\">\n\t\t\t\t\t\t\t<div class=\"elementor-row\">\n\t\t\t\t\t<div class=\"elementor-column elementor-col-100 elementor-top-column elementor-element elementor-element-20fac0e\" data-id=\"20fac0e\" data-element_type=\"column\">\n\t\t\t<div class=\"elementor-column-wrap elementor-element-populated\">\n\t\t\t\t\t\t\t<div class=\"elementor-widget-wrap\">\n\t\t\t\t\t\t<div class=\"elementor-element elementor-element-0c24bc1 elementor-widget elementor-widget-heading\" data-id=\"0c24bc1\" data-element_type=\"widget\" data-widget_type=\"heading.default\">\n\t\t\t\t<div class=\"elementor-widget-container\">\n\t\t\t<h3 class=\"elementor-heading-title elementor-size-default\"><div style=\"color: rgb(25, 187, 93); font-family: &quot;DIN Pro Medium&quot;; line-height: 34px; margin-bottom: 15px; font-weight: 400; white-space: normal;\"><div style=\"position: relative; margin-right: 50px;\">&nbsp;<\/div><br><br><br>__&nbsp; &nbsp;METAL&nbsp; &nbsp;__&nbsp;<\/div><span style=\"color: rgb(17, 17, 17); font-family: &quot;DIN Pro Medium&quot;; font-size: 16px; font-weight: 400; white-space: normal;\"><\/span><h2 style=\"margin-right: auto; margin-bottom: 0px; margin-left: auto; font-weight: 400; font-size: 40px; font-family: &quot;DIN Pro Medium&quot;; color: rgb(39, 39, 101); max-width: 650px; white-space: normal;\">Zeta End\u00fcstriyel \u00fcr\u00fcnlerinin en \u00f6nemli faaliyet alanlar\u0131.<\/h2><p style=\"margin-right: auto; margin-bottom: 0px; margin-left: auto; padding-top: 20px; max-width: 950px; color: rgb(17, 17, 17); font-family: &quot;DIN Pro Medium&quot;; font-size: 16px; font-weight: 400; white-space: normal;\">Zeta End\u00fcstri'nin ba\u015far\u0131s\u0131nda t\u00fcm hizmet s\u00fcrecinde, makine ve te\u00e7hizat olarak uluslararas\u0131 standartlarda ekipmanlarla donat\u0131lm\u0131\u015f teknolojik altyap\u0131m\u0131z ve yurt d\u0131\u015f\u0131 e\u011fitimlerle kendilerini s\u00fcrekli geli\u015ftiren ekip arkada\u015flar\u0131m\u0131z \u00f6nemli rol oynamaktad\u0131r.<\/p><h2 style=\"margin-right: auto; margin-bottom: 0px; margin-left: auto; font-weight: 400; font-size: 40px; font-family: &quot;DIN Pro Medium&quot;; color: rgb(39, 39, 101); max-width: 650px; white-space: normal;\"><\/h2><\/h3>\t\t<\/div>\n\t\t\t\t<\/div>\n\t\t\t\t\t\t<\/div>\n\t\t\t\t\t<\/div>\n\t\t<\/div>\n\t\t\t\t\t\t\t\t<\/div>\n\t\t\t\t\t<\/div>\n\t\t<\/section>\n\t\t\t\t<section class=\"elementor-section elementor-top-section elementor-element elementor-element-bfe8398 elementor-section-boxed elementor-section-height-default elementor-section-height-default\" data-id=\"bfe8398\" data-element_type=\"section\">\n\t\t\t\t\t\t<div class=\"elementor-container elementor-column-gap-default\">\n\t\t\t\t\t\t\t<div class=\"elementor-row\">\n\t\t\t\t\t<div class=\"elementor-column elementor-col-33 elementor-top-column elementor-element elementor-element-a3ac21d\" data-id=\"a3ac21d\" data-element_type=\"column\">\n\t\t\t<div class=\"elementor-column-wrap elementor-element-populated\">\n\t\t\t\t\t\t\t<div class=\"elementor-widget-wrap\">\n\t\t\t\t\t\t<div class=\"elementor-element elementor-element-208186b elementor-widget elementor-widget-image\" data-id=\"208186b\" data-element_type=\"widget\" data-widget_type=\"image.default\">\n\t\t\t\t<div class=\"elementor-widget-container\">\n\t\t\t\t\t\t\t\t<div class=\"elementor-image\">\n\t\t\t\t\t\t\t\t\t\t\t\t<img width=\"486\" height=\"486\" src=\"https:\/\/www.zetaindustry.com\/tr\/wp-content\/uploads\/2022\/06\/kayma-demiri-dowel-bar.jpeg\" class=\"attachment-large size-large\" alt=\"\" loading=\"lazy\" srcset=\"https:\/\/www.zetaindustry.com\/tr\/wp-content\/uploads\/2022\/06\/kayma-demiri-dowel-bar.jpeg 486w, https:\/\/www.zetaindustry.com\/tr\/wp-content\/uploads\/2022\/06\/kayma-demiri-dowel-bar-300x300.jpeg 300w, https:\/\/www.zetaindustry.com\/tr\/wp-content\/uploads\/2022\/06\/kayma-demiri-dowel-bar-150x150.jpeg 150w, https:\/\/www.zetaindustry.com\/tr\/wp-content\/uploads\/2022\/06\/kayma-demiri-dowel-bar-12x12.jpeg 12w, https:\/\/www.zetaindustry.com\/tr\/wp-content\/uploads\/2022\/06\/kayma-demiri-dowel-bar-100x100.jpeg 100w\" sizes=\"(max-width: 486px) 100vw, 486px\" \/>\t\t\t\t\t\t\t\t\t\t\t\t\t\t<\/div>\n\t\t\t\t\t\t<\/div>\n\t\t\t\t<\/div>\n\t\t\t\t<div class=\"elementor-element elementor-element-7f834e0 elementor-widget elementor-widget-heading\" data-id=\"7f834e0\" data-element_type=\"widget\" data-widget_type=\"heading.default\">\n\t\t\t\t<div class=\"elementor-widget-container\">\n\t\t\t<h2 class=\"elementor-heading-title elementor-size-default\">Epoksi Kayma Demiri - Dowel Bar<\/h2>\t\t<\/div>\n\t\t\t\t<\/div>\n\t\t\t\t<div class=\"elementor-element elementor-element-a81314c elementor-align-center elementor-widget elementor-widget-button\" data-id=\"a81314c\" data-element_type=\"widget\" data-widget_type=\"button.default\">\n\t\t\t\t<div class=\"elementor-widget-container\">\n\t\t\t\t\t<div class=\"elementor-button-wrapper\">\n\t\t\t<a href=\"https:\/\/www.zetaindustry.com\/tr\/kayma-demiri-dowel-bar\/\" class=\"elementor-button-link elementor-button elementor-size-sm\" role=\"button\">\n\t\t\t\t\t\t<span class=\"elementor-button-content-wrapper\">\n\t\t\t\t\t\t<span class=\"elementor-button-text\">Daha Fazla Bilgi<\/span>\n\t\t<\/span>\n\t\t\t\t\t<\/a>\n\t\t<\/div>\n\t\t\t\t<\/div>\n\t\t\t\t<\/div>\n\t\t\t\t\t\t<\/div>\n\t\t\t\t\t<\/div>\n\t\t<\/div>\n\t\t\t\t<div class=\"elementor-column elementor-col-33 elementor-top-column elementor-element elementor-element-ca00ada\" data-id=\"ca00ada\" data-element_type=\"column\">\n\t\t\t<div class=\"elementor-column-wrap elementor-element-populated\">\n\t\t\t\t\t\t\t<div class=\"elementor-widget-wrap\">\n\t\t\t\t\t\t<div class=\"elementor-element elementor-element-1c9b349 elementor-widget elementor-widget-image\" data-id=\"1c9b349\" data-element_type=\"widget\" data-widget_type=\"image.default\">\n\t\t\t\t<div class=\"elementor-widget-container\">\n\t\t\t\t\t\t\t\t<div class=\"elementor-image\">\n\t\t\t\t\t\t\t\t\t\t\t\t<img width=\"486\" height=\"486\" src=\"https:\/\/www.zetaindustry.com\/tr\/wp-content\/uploads\/2022\/06\/epoksi-kapli-insaat-demiri-rebar.jpeg\" class=\"attachment-large size-large\" alt=\"\" loading=\"lazy\" srcset=\"https:\/\/www.zetaindustry.com\/tr\/wp-content\/uploads\/2022\/06\/epoksi-kapli-insaat-demiri-rebar.jpeg 486w, https:\/\/www.zetaindustry.com\/tr\/wp-content\/uploads\/2022\/06\/epoksi-kapli-insaat-demiri-rebar-300x300.jpeg 300w, https:\/\/www.zetaindustry.com\/tr\/wp-content\/uploads\/2022\/06\/epoksi-kapli-insaat-demiri-rebar-150x150.jpeg 150w, https:\/\/www.zetaindustry.com\/tr\/wp-content\/uploads\/2022\/06\/epoksi-kapli-insaat-demiri-rebar-12x12.jpeg 12w, https:\/\/www.zetaindustry.com\/tr\/wp-content\/uploads\/2022\/06\/epoksi-kapli-insaat-demiri-rebar-100x100.jpeg 100w\" sizes=\"(max-width: 486px) 100vw, 486px\" \/>\t\t\t\t\t\t\t\t\t\t\t\t\t\t<\/div>\n\t\t\t\t\t\t<\/div>\n\t\t\t\t<\/div>\n\t\t\t\t<div class=\"elementor-element elementor-element-96c8f7f elementor-widget elementor-widget-heading\" data-id=\"96c8f7f\" data-element_type=\"widget\" data-widget_type=\"heading.default\">\n\t\t\t\t<div class=\"elementor-widget-container\">\n\t\t\t<h2 class=\"elementor-heading-title elementor-size-default\">Epoksi Kapl\u0131 \u0130n\u015faat Demiri - Rebar<\/h2>\t\t<\/div>\n\t\t\t\t<\/div>\n\t\t\t\t<div class=\"elementor-element elementor-element-37b1e9d elementor-align-center elementor-widget elementor-widget-button\" data-id=\"37b1e9d\" data-element_type=\"widget\" data-widget_type=\"button.default\">\n\t\t\t\t<div class=\"elementor-widget-container\">\n\t\t\t\t\t<div class=\"elementor-button-wrapper\">\n\t\t\t<a href=\"https:\/\/www.zetaindustry.com\/tr\/epoksi-kapli-insaat-demiri-rebar\/\" class=\"elementor-button-link elementor-button elementor-size-sm\" role=\"button\">\n\t\t\t\t\t\t<span class=\"elementor-button-content-wrapper\">\n\t\t\t\t\t\t<span class=\"elementor-button-text\">Daha Fazla Bilgi<\/span>\n\t\t<\/span>\n\t\t\t\t\t<\/a>\n\t\t<\/div>\n\t\t\t\t<\/div>\n\t\t\t\t<\/div>\n\t\t\t\t\t\t<\/div>\n\t\t\t\t\t<\/div>\n\t\t<\/div>\n\t\t\t\t<div class=\"elementor-column elementor-col-33 elementor-top-column elementor-element elementor-element-2b07488\" data-id=\"2b07488\" data-element_type=\"column\">\n\t\t\t<div class=\"elementor-column-wrap elementor-element-populated\">\n\t\t\t\t\t\t\t<div class=\"elementor-widget-wrap\">\n\t\t\t\t\t\t<div class=\"elementor-element elementor-element-dec64b4 elementor-widget elementor-widget-image\" data-id=\"dec64b4\" data-element_type=\"widget\" data-widget_type=\"image.default\">\n\t\t\t\t<div class=\"elementor-widget-container\">\n\t\t\t\t\t\t\t\t<div class=\"elementor-image\">\n\t\t\t\t\t\t\t\t\t\t\t\t<img width=\"486\" height=\"486\" src=\"https:\/\/www.zetaindustry.com\/tr\/wp-content\/uploads\/2022\/06\/baglanti-demiri-tie-bar.jpeg\" class=\"attachment-large size-large\" alt=\"\" loading=\"lazy\" srcset=\"https:\/\/www.zetaindustry.com\/tr\/wp-content\/uploads\/2022\/06\/baglanti-demiri-tie-bar.jpeg 486w, https:\/\/www.zetaindustry.com\/tr\/wp-content\/uploads\/2022\/06\/baglanti-demiri-tie-bar-300x300.jpeg 300w, https:\/\/www.zetaindustry.com\/tr\/wp-content\/uploads\/2022\/06\/baglanti-demiri-tie-bar-150x150.jpeg 150w, https:\/\/www.zetaindustry.com\/tr\/wp-content\/uploads\/2022\/06\/baglanti-demiri-tie-bar-12x12.jpeg 12w, https:\/\/www.zetaindustry.com\/tr\/wp-content\/uploads\/2022\/06\/baglanti-demiri-tie-bar-100x100.jpeg 100w\" sizes=\"(max-width: 486px) 100vw, 486px\" \/>\t\t\t\t\t\t\t\t\t\t\t\t\t\t<\/div>\n\t\t\t\t\t\t<\/div>\n\t\t\t\t<\/div>\n\t\t\t\t<div class=\"elementor-element elementor-element-3d08bd5 elementor-widget elementor-widget-heading\" data-id=\"3d08bd5\" data-element_type=\"widget\" data-widget_type=\"heading.default\">\n\t\t\t\t<div class=\"elementor-widget-container\">\n\t\t\t<h2 class=\"elementor-heading-title elementor-size-default\">Kayma Demiri - Tie Bar<\/h2>\t\t<\/div>\n\t\t\t\t<\/div>\n\t\t\t\t<div class=\"elementor-element elementor-element-5cf16c4 elementor-align-center elementor-widget elementor-widget-button\" data-id=\"5cf16c4\" data-element_type=\"widget\" data-widget_type=\"button.default\">\n\t\t\t\t<div class=\"elementor-widget-container\">\n\t\t\t\t\t<div class=\"elementor-button-wrapper\">\n\t\t\t<a href=\"https:\/\/www.zetaindustry.com\/tr\/kayma-demiri-tie-bar\/\" class=\"elementor-button-link elementor-button elementor-size-sm\" role=\"button\">\n\t\t\t\t\t\t<span class=\"elementor-button-content-wrapper\">\n\t\t\t\t\t\t<span class=\"elementor-button-text\">Daha Fazla Bilgi<\/span>\n\t\t<\/span>\n\t\t\t\t\t<\/a>\n\t\t<\/div>\n\t\t\t\t<\/div>\n\t\t\t\t<\/div>\n\t\t\t\t\t\t<\/div>\n\t\t\t\t\t<\/div>\n\t\t<\/div>\n\t\t\t\t\t\t\t\t<\/div>\n\t\t\t\t\t<\/div>\n\t\t<\/section>\n\t\t\t\t<section class=\"elementor-section elementor-top-section elementor-element elementor-element-2a70958 elementor-section-boxed elementor-section-height-default elementor-section-height-default\" data-id=\"2a70958\" data-element_type=\"section\">\n\t\t\t\t\t\t<div class=\"elementor-container elementor-column-gap-default\">\n\t\t\t\t\t\t\t<div class=\"elementor-row\">\n\t\t\t\t\t<div class=\"elementor-column elementor-col-100 elementor-top-column elementor-element elementor-element-d59b3f9\" data-id=\"d59b3f9\" data-element_type=\"column\">\n\t\t\t<div class=\"elementor-column-wrap elementor-element-populated\">\n\t\t\t\t\t\t\t<div class=\"elementor-widget-wrap\">\n\t\t\t\t\t\t<div class=\"elementor-element elementor-element-ef5c316 elementor-widget elementor-widget-spacer\" data-id=\"ef5c316\" data-element_type=\"widget\" data-widget_type=\"spacer.default\">\n\t\t\t\t<div class=\"elementor-widget-container\">\n\t\t\t\t\t<div class=\"elementor-spacer\">\n\t\t\t<div class=\"elementor-spacer-inner\"><\/div>\n\t\t<\/div>\n\t\t\t\t<\/div>\n\t\t\t\t<\/div>\n\t\t\t\t\t\t<\/div>\n\t\t\t\t\t<\/div>\n\t\t<\/div>\n\t\t\t\t\t\t\t\t<\/div>\n\t\t\t\t\t<\/div>\n\t\t<\/section>\n\t\t\t\t\t\t\t\t\t<\/div>\n\t\t\t<\/div>\n\t\t\t\t\t<\/div>\n\t\t","protected":false},"excerpt":{"rendered":"<p>&nbsp; __&nbsp; &nbsp;METAL&nbsp; &nbsp;__&nbsp; Zeta End\u00fcstriyel \u00fcr\u00fcnlerinin en \u00f6nemli faaliyet alanlar\u0131. Zeta End\u00fcstri&#8217;nin ba\u015far\u0131s\u0131nda t\u00fcm hizmet s\u00fcrecinde, makine ve te\u00e7hizat olarak uluslararas\u0131 standartlarda ekipmanlarla donat\u0131lm\u0131\u015f teknolojik altyap\u0131m\u0131z ve yurt d\u0131\u015f\u0131 e\u011fitimlerle kendilerini s\u00fcrekli geli\u015ftiren ekip arkada\u015flar\u0131m\u0131z \u00f6nemli rol oynamaktad\u0131r. Epoksi Kayma Demiri &#8211; Dowel Bar Daha Fazla Bilgi Epoksi Kapl\u0131 \u0130n\u015faat Demiri &#8211; Rebar Daha [&hellip;]<\/p>\n","protected":false},"author":1,"featured_media":0,"parent":0,"menu_order":0,"comment_status":"closed","ping_status":"closed","template":"","meta":[],"acf":[],"_links":{"self":[{"href":"https:\/\/www.zetaindustry.com\/tr\/wp-json\/wp\/v2\/pages\/1641"}],"collection":[{"href":"https:\/\/www.zetaindustry.com\/tr\/wp-json\/wp\/v2\/pages"}],"about":[{"href":"https:\/\/www.zetaindustry.com\/tr\/wp-json\/wp\/v2\/types\/page"}],"author":[{"embeddable":true,"href":"https:\/\/www.zetaindustry.com\/tr\/wp-json\/wp\/v2\/users\/1"}],"replies":[{"embeddable":true,"href":"https:\/\/www.zetaindustry.com\/tr\/wp-json\/wp\/v2\/comments?post=1641"}],"version-history":[{"count":59,"href":"https:\/\/www.zetaindustry.com\/tr\/wp-json\/wp\/v2\/pages\/1641\/revisions"}],"predecessor-version":[{"id":2179,"href":"https:\/\/www.zetaindustry.com\/tr\/wp-json\/wp\/v2\/pages\/1641\/revisions\/2179"}],"wp:attachment":[{"href":"https:\/\/www.zetaindustry.com\/tr\/wp-json\/wp\/v2\/media?parent=1641"}],"curies":[{"name":"wp","href":"https:\/\/api.w.org\/{rel}","templated":true}]}}