{"id":1713,"date":"2022-06-09T05:43:26","date_gmt":"2022-06-09T05:43:26","guid":{"rendered":"https:\/\/www.zetaindustry.com\/?page_id=1713"},"modified":"2022-06-26T19:12:59","modified_gmt":"2022-06-26T19:12:59","slug":"mobilya","status":"publish","type":"page","link":"https:\/\/www.zetaindustry.com\/tr\/mobilya\/","title":{"rendered":"Mobilya"},"content":{"rendered":"\t\t<div data-elementor-type=\"wp-page\" data-elementor-id=\"1713\" class=\"elementor elementor-1713\">\n\t\t\t\t\t\t<div class=\"elementor-inner\">\n\t\t\t\t<div class=\"elementor-section-wrap\">\n\t\t\t\t\t\t\t\t\t<section class=\"elementor-section elementor-top-section elementor-element elementor-element-f319c1d elementor-section-boxed elementor-section-height-default elementor-section-height-default\" data-id=\"f319c1d\" data-element_type=\"section\">\n\t\t\t\t\t\t<div class=\"elementor-container elementor-column-gap-default\">\n\t\t\t\t\t\t\t<div class=\"elementor-row\">\n\t\t\t\t\t<div class=\"elementor-column elementor-col-100 elementor-top-column elementor-element elementor-element-a41cf7e\" data-id=\"a41cf7e\" data-element_type=\"column\">\n\t\t\t<div class=\"elementor-column-wrap elementor-element-populated\">\n\t\t\t\t\t\t\t<div class=\"elementor-widget-wrap\">\n\t\t\t\t\t\t<div class=\"elementor-element elementor-element-d1e9cc2 elementor-widget elementor-widget-spacer\" data-id=\"d1e9cc2\" data-element_type=\"widget\" data-widget_type=\"spacer.default\">\n\t\t\t\t<div class=\"elementor-widget-container\">\n\t\t\t\t\t<div class=\"elementor-spacer\">\n\t\t\t<div class=\"elementor-spacer-inner\"><\/div>\n\t\t<\/div>\n\t\t\t\t<\/div>\n\t\t\t\t<\/div>\n\t\t\t\t\t\t<\/div>\n\t\t\t\t\t<\/div>\n\t\t<\/div>\n\t\t\t\t\t\t\t\t<\/div>\n\t\t\t\t\t<\/div>\n\t\t<\/section>\n\t\t\t\t<section class=\"elementor-section elementor-top-section elementor-element elementor-element-2992492 elementor-section-boxed elementor-section-height-default elementor-section-height-default\" data-id=\"2992492\" data-element_type=\"section\">\n\t\t\t\t\t\t<div class=\"elementor-container elementor-column-gap-default\">\n\t\t\t\t\t\t\t<div class=\"elementor-row\">\n\t\t\t\t\t<div class=\"elementor-column elementor-col-100 elementor-top-column elementor-element elementor-element-a2c7c87\" data-id=\"a2c7c87\" data-element_type=\"column\">\n\t\t\t<div class=\"elementor-column-wrap elementor-element-populated\">\n\t\t\t\t\t\t\t<div class=\"elementor-widget-wrap\">\n\t\t\t\t\t\t<div class=\"elementor-element elementor-element-e1618ed elementor-widget elementor-widget-text-editor\" data-id=\"e1618ed\" data-element_type=\"widget\" data-widget_type=\"text-editor.default\">\n\t\t\t\t<div class=\"elementor-widget-container\">\n\t\t\t\t\t\t\t\t<div class=\"elementor-text-editor elementor-clearfix\">\n\t\t\t\t<p><span style=\"color: #19bb5d; font-family: 'DIN Pro Medium'; font-size: 30px; text-align: center;\">___<\/span><span style=\"color: #19bb5d; font-family: 'DIN Pro Medium'; font-size: 30px; text-align: center;\">\u00a0 \u00a0<\/span><span style=\"color: #19bb5d; font-family: 'DIN Pro Medium'; font-size: 30px; text-align: center;\">MOB\u0130LYA\u00a0 \u00a0___<\/span><\/p>\t\t\t\t\t<\/div>\n\t\t\t\t\t\t<\/div>\n\t\t\t\t<\/div>\n\t\t\t\t\t\t<\/div>\n\t\t\t\t\t<\/div>\n\t\t<\/div>\n\t\t\t\t\t\t\t\t<\/div>\n\t\t\t\t\t<\/div>\n\t\t<\/section>\n\t\t\t\t<section class=\"elementor-section elementor-top-section elementor-element elementor-element-1d2f92a elementor-section-boxed elementor-section-height-default elementor-section-height-default\" data-id=\"1d2f92a\" data-element_type=\"section\">\n\t\t\t\t\t\t<div class=\"elementor-container elementor-column-gap-default\">\n\t\t\t\t\t\t\t<div class=\"elementor-row\">\n\t\t\t\t\t<div class=\"elementor-column elementor-col-100 elementor-top-column elementor-element elementor-element-920bd42\" data-id=\"920bd42\" data-element_type=\"column\">\n\t\t\t<div class=\"elementor-column-wrap elementor-element-populated\">\n\t\t\t\t\t\t\t<div class=\"elementor-widget-wrap\">\n\t\t\t\t\t\t<div class=\"elementor-element elementor-element-8682664 elementor-widget elementor-widget-text-editor\" data-id=\"8682664\" data-element_type=\"widget\" data-widget_type=\"text-editor.default\">\n\t\t\t\t<div class=\"elementor-widget-container\">\n\t\t\t\t\t\t\t\t<div class=\"elementor-text-editor elementor-clearfix\">\n\t\t\t\t<p>Zeta End\u00fcstri, m\u00fchendislik ve do\u011fal ah\u015fap mobilya \u00fcr\u00fcnleri \u00fcreticisidir. 2010 y\u0131l\u0131nda kurulan Zeta&#8217;n\u0131n \u00fcretim tesisi \u0130stanbul\/T\u00fcrkiye merkezlidir. \u0130hracattaki uzmanl\u0131\u011f\u0131m\u0131zla \u00fcr\u00fcnlerimizi d\u00fcnya \u00e7ap\u0131nda toptanc\u0131lara ve perakende i\u015fletmelere ula\u015ft\u0131r\u0131yoruz.<\/p>\t\t\t\t\t<\/div>\n\t\t\t\t\t\t<\/div>\n\t\t\t\t<\/div>\n\t\t\t\t\t\t<\/div>\n\t\t\t\t\t<\/div>\n\t\t<\/div>\n\t\t\t\t\t\t\t\t<\/div>\n\t\t\t\t\t<\/div>\n\t\t<\/section>\n\t\t\t\t<section class=\"elementor-section elementor-top-section elementor-element elementor-element-bfe8398 elementor-section-boxed elementor-section-height-default elementor-section-height-default\" data-id=\"bfe8398\" data-element_type=\"section\">\n\t\t\t\t\t\t<div class=\"elementor-container elementor-column-gap-default\">\n\t\t\t\t\t\t\t<div class=\"elementor-row\">\n\t\t\t\t\t<div class=\"elementor-column elementor-col-33 elementor-top-column elementor-element elementor-element-a3ac21d\" data-id=\"a3ac21d\" data-element_type=\"column\">\n\t\t\t<div class=\"elementor-column-wrap elementor-element-populated\">\n\t\t\t\t\t\t\t<div class=\"elementor-widget-wrap\">\n\t\t\t\t\t\t<div class=\"elementor-element elementor-element-208186b elementor-widget elementor-widget-image\" data-id=\"208186b\" data-element_type=\"widget\" data-widget_type=\"image.default\">\n\t\t\t\t<div class=\"elementor-widget-container\">\n\t\t\t\t\t\t\t\t<div class=\"elementor-image\">\n\t\t\t\t\t\t\t\t\t\t\t\t<img width=\"450\" height=\"450\" src=\"https:\/\/www.zetaindustry.com\/tr\/wp-content\/uploads\/2022\/06\/urun4.jpeg\" class=\"attachment-large size-large\" alt=\"\" loading=\"lazy\" srcset=\"https:\/\/www.zetaindustry.com\/tr\/wp-content\/uploads\/2022\/06\/urun4.jpeg 450w, https:\/\/www.zetaindustry.com\/tr\/wp-content\/uploads\/2022\/06\/urun4-300x300.jpeg 300w, https:\/\/www.zetaindustry.com\/tr\/wp-content\/uploads\/2022\/06\/urun4-150x150.jpeg 150w, https:\/\/www.zetaindustry.com\/tr\/wp-content\/uploads\/2022\/06\/urun4-12x12.jpeg 12w, https:\/\/www.zetaindustry.com\/tr\/wp-content\/uploads\/2022\/06\/urun4-100x100.jpeg 100w\" sizes=\"(max-width: 450px) 100vw, 450px\" \/>\t\t\t\t\t\t\t\t\t\t\t\t\t\t<\/div>\n\t\t\t\t\t\t<\/div>\n\t\t\t\t<\/div>\n\t\t\t\t<div class=\"elementor-element elementor-element-7f834e0 elementor-widget elementor-widget-heading\" data-id=\"7f834e0\" data-element_type=\"widget\" data-widget_type=\"heading.default\">\n\t\t\t\t<div class=\"elementor-widget-container\">\n\t\t\t<h2 class=\"elementor-heading-title elementor-size-default\">\u0130\u00e7 Kap\u0131lar<\/h2>\t\t<\/div>\n\t\t\t\t<\/div>\n\t\t\t\t<div class=\"elementor-element elementor-element-a81314c elementor-align-center elementor-widget elementor-widget-button\" data-id=\"a81314c\" data-element_type=\"widget\" data-widget_type=\"button.default\">\n\t\t\t\t<div class=\"elementor-widget-container\">\n\t\t\t\t\t<div class=\"elementor-button-wrapper\">\n\t\t\t<a href=\"https:\/\/www.zetaindustry.com\/tr\/ic-kapilar\/\" class=\"elementor-button-link elementor-button elementor-size-sm\" role=\"button\">\n\t\t\t\t\t\t<span class=\"elementor-button-content-wrapper\">\n\t\t\t\t\t\t<span class=\"elementor-button-text\">Daha Fazla Bilgi<\/span>\n\t\t<\/span>\n\t\t\t\t\t<\/a>\n\t\t<\/div>\n\t\t\t\t<\/div>\n\t\t\t\t<\/div>\n\t\t\t\t\t\t<\/div>\n\t\t\t\t\t<\/div>\n\t\t<\/div>\n\t\t\t\t<div class=\"elementor-column elementor-col-33 elementor-top-column elementor-element elementor-element-ca00ada\" data-id=\"ca00ada\" data-element_type=\"column\">\n\t\t\t<div class=\"elementor-column-wrap elementor-element-populated\">\n\t\t\t\t\t\t\t<div class=\"elementor-widget-wrap\">\n\t\t\t\t\t\t<div class=\"elementor-element elementor-element-1c9b349 elementor-widget elementor-widget-image\" data-id=\"1c9b349\" data-element_type=\"widget\" data-widget_type=\"image.default\">\n\t\t\t\t<div class=\"elementor-widget-container\">\n\t\t\t\t\t\t\t\t<div class=\"elementor-image\">\n\t\t\t\t\t\t\t\t\t\t\t\t<img width=\"450\" height=\"450\" src=\"https:\/\/www.zetaindustry.com\/tr\/wp-content\/uploads\/2022\/06\/urun5.jpeg\" class=\"attachment-large size-large\" alt=\"\" loading=\"lazy\" srcset=\"https:\/\/www.zetaindustry.com\/tr\/wp-content\/uploads\/2022\/06\/urun5.jpeg 450w, https:\/\/www.zetaindustry.com\/tr\/wp-content\/uploads\/2022\/06\/urun5-300x300.jpeg 300w, https:\/\/www.zetaindustry.com\/tr\/wp-content\/uploads\/2022\/06\/urun5-150x150.jpeg 150w, https:\/\/www.zetaindustry.com\/tr\/wp-content\/uploads\/2022\/06\/urun5-12x12.jpeg 12w, https:\/\/www.zetaindustry.com\/tr\/wp-content\/uploads\/2022\/06\/urun5-100x100.jpeg 100w\" sizes=\"(max-width: 450px) 100vw, 450px\" \/>\t\t\t\t\t\t\t\t\t\t\t\t\t\t<\/div>\n\t\t\t\t\t\t<\/div>\n\t\t\t\t<\/div>\n\t\t\t\t<div class=\"elementor-element elementor-element-96c8f7f elementor-widget elementor-widget-heading\" data-id=\"96c8f7f\" data-element_type=\"widget\" data-widget_type=\"heading.default\">\n\t\t\t\t<div class=\"elementor-widget-container\">\n\t\t\t<h2 class=\"elementor-heading-title elementor-size-default\">S\u00fcp\u00fcrgelikler<\/h2>\t\t<\/div>\n\t\t\t\t<\/div>\n\t\t\t\t<div class=\"elementor-element elementor-element-37b1e9d elementor-align-center elementor-widget elementor-widget-button\" data-id=\"37b1e9d\" data-element_type=\"widget\" data-widget_type=\"button.default\">\n\t\t\t\t<div class=\"elementor-widget-container\">\n\t\t\t\t\t<div class=\"elementor-button-wrapper\">\n\t\t\t<a href=\"https:\/\/www.zetaindustry.com\/tr\/supurgelikler\/\" class=\"elementor-button-link elementor-button elementor-size-sm\" role=\"button\">\n\t\t\t\t\t\t<span class=\"elementor-button-content-wrapper\">\n\t\t\t\t\t\t<span class=\"elementor-button-text\">Daha Fazla Bilgi<\/span>\n\t\t<\/span>\n\t\t\t\t\t<\/a>\n\t\t<\/div>\n\t\t\t\t<\/div>\n\t\t\t\t<\/div>\n\t\t\t\t\t\t<\/div>\n\t\t\t\t\t<\/div>\n\t\t<\/div>\n\t\t\t\t<div class=\"elementor-column elementor-col-33 elementor-top-column elementor-element elementor-element-2b07488\" data-id=\"2b07488\" data-element_type=\"column\">\n\t\t\t<div class=\"elementor-column-wrap elementor-element-populated\">\n\t\t\t\t\t\t\t<div class=\"elementor-widget-wrap\">\n\t\t\t\t\t\t<div class=\"elementor-element elementor-element-dec64b4 elementor-widget elementor-widget-image\" data-id=\"dec64b4\" data-element_type=\"widget\" data-widget_type=\"image.default\">\n\t\t\t\t<div class=\"elementor-widget-container\">\n\t\t\t\t\t\t\t\t<div class=\"elementor-image\">\n\t\t\t\t\t\t\t\t\t\t\t\t<img width=\"450\" height=\"450\" src=\"https:\/\/www.zetaindustry.com\/tr\/wp-content\/uploads\/2022\/06\/urun6.jpeg\" class=\"attachment-large size-large\" alt=\"\" loading=\"lazy\" srcset=\"https:\/\/www.zetaindustry.com\/tr\/wp-content\/uploads\/2022\/06\/urun6.jpeg 450w, https:\/\/www.zetaindustry.com\/tr\/wp-content\/uploads\/2022\/06\/urun6-300x300.jpeg 300w, https:\/\/www.zetaindustry.com\/tr\/wp-content\/uploads\/2022\/06\/urun6-150x150.jpeg 150w, https:\/\/www.zetaindustry.com\/tr\/wp-content\/uploads\/2022\/06\/urun6-12x12.jpeg 12w, https:\/\/www.zetaindustry.com\/tr\/wp-content\/uploads\/2022\/06\/urun6-100x100.jpeg 100w\" sizes=\"(max-width: 450px) 100vw, 450px\" \/>\t\t\t\t\t\t\t\t\t\t\t\t\t\t<\/div>\n\t\t\t\t\t\t<\/div>\n\t\t\t\t<\/div>\n\t\t\t\t<div class=\"elementor-element elementor-element-3d08bd5 elementor-widget elementor-widget-heading\" data-id=\"3d08bd5\" data-element_type=\"widget\" data-widget_type=\"heading.default\">\n\t\t\t\t<div class=\"elementor-widget-container\">\n\t\t\t<h2 class=\"elementor-heading-title elementor-size-default\">Banyo mobilyas\u0131<\/h2>\t\t<\/div>\n\t\t\t\t<\/div>\n\t\t\t\t<div class=\"elementor-element elementor-element-5cf16c4 elementor-align-center elementor-widget elementor-widget-button\" data-id=\"5cf16c4\" data-element_type=\"widget\" data-widget_type=\"button.default\">\n\t\t\t\t<div class=\"elementor-widget-container\">\n\t\t\t\t\t<div class=\"elementor-button-wrapper\">\n\t\t\t<a href=\"https:\/\/www.zetaindustry.com\/tr\/banyo-mobilyasi\/\" class=\"elementor-button-link elementor-button elementor-size-sm\" role=\"button\">\n\t\t\t\t\t\t<span class=\"elementor-button-content-wrapper\">\n\t\t\t\t\t\t<span class=\"elementor-button-text\">Daha Fazla Bilgi<\/span>\n\t\t<\/span>\n\t\t\t\t\t<\/a>\n\t\t<\/div>\n\t\t\t\t<\/div>\n\t\t\t\t<\/div>\n\t\t\t\t\t\t<\/div>\n\t\t\t\t\t<\/div>\n\t\t<\/div>\n\t\t\t\t\t\t\t\t<\/div>\n\t\t\t\t\t<\/div>\n\t\t<\/section>\n\t\t\t\t<section class=\"elementor-section elementor-top-section elementor-element elementor-element-7a6d0c7 elementor-section-boxed elementor-section-height-default elementor-section-height-default\" data-id=\"7a6d0c7\" data-element_type=\"section\">\n\t\t\t\t\t\t<div class=\"elementor-container elementor-column-gap-default\">\n\t\t\t\t\t\t\t<div class=\"elementor-row\">\n\t\t\t\t\t<div class=\"elementor-column elementor-col-50 elementor-top-column elementor-element elementor-element-c348f69\" data-id=\"c348f69\" data-element_type=\"column\">\n\t\t\t<div class=\"elementor-column-wrap elementor-element-populated\">\n\t\t\t\t\t\t\t<div class=\"elementor-widget-wrap\">\n\t\t\t\t\t\t<div class=\"elementor-element elementor-element-8ab8102 elementor-widget elementor-widget-image\" data-id=\"8ab8102\" data-element_type=\"widget\" data-widget_type=\"image.default\">\n\t\t\t\t<div class=\"elementor-widget-container\">\n\t\t\t\t\t\t\t\t<div class=\"elementor-image\">\n\t\t\t\t\t\t\t\t\t\t\t\t<img width=\"450\" height=\"450\" src=\"https:\/\/www.zetaindustry.com\/tr\/wp-content\/uploads\/2022\/06\/urun7.jpeg\" class=\"attachment-large size-large\" alt=\"\" loading=\"lazy\" srcset=\"https:\/\/www.zetaindustry.com\/tr\/wp-content\/uploads\/2022\/06\/urun7.jpeg 450w, https:\/\/www.zetaindustry.com\/tr\/wp-content\/uploads\/2022\/06\/urun7-300x300.jpeg 300w, https:\/\/www.zetaindustry.com\/tr\/wp-content\/uploads\/2022\/06\/urun7-150x150.jpeg 150w, https:\/\/www.zetaindustry.com\/tr\/wp-content\/uploads\/2022\/06\/urun7-12x12.jpeg 12w, https:\/\/www.zetaindustry.com\/tr\/wp-content\/uploads\/2022\/06\/urun7-100x100.jpeg 100w\" sizes=\"(max-width: 450px) 100vw, 450px\" \/>\t\t\t\t\t\t\t\t\t\t\t\t\t\t<\/div>\n\t\t\t\t\t\t<\/div>\n\t\t\t\t<\/div>\n\t\t\t\t<div class=\"elementor-element elementor-element-699316c elementor-widget elementor-widget-heading\" data-id=\"699316c\" data-element_type=\"widget\" data-widget_type=\"heading.default\">\n\t\t\t\t<div class=\"elementor-widget-container\">\n\t\t\t<h2 class=\"elementor-heading-title elementor-size-default\">Do\u011fal Ah\u015fap \u00dcr\u00fcnler<\/h2>\t\t<\/div>\n\t\t\t\t<\/div>\n\t\t\t\t<div class=\"elementor-element elementor-element-662e2b3 elementor-align-center elementor-widget elementor-widget-button\" data-id=\"662e2b3\" data-element_type=\"widget\" data-widget_type=\"button.default\">\n\t\t\t\t<div class=\"elementor-widget-container\">\n\t\t\t\t\t<div class=\"elementor-button-wrapper\">\n\t\t\t<a href=\"https:\/\/www.zetaindustry.com\/tr\/dogal-ahsap-urunler\/\" class=\"elementor-button-link elementor-button elementor-size-sm\" role=\"button\">\n\t\t\t\t\t\t<span class=\"elementor-button-content-wrapper\">\n\t\t\t\t\t\t<span class=\"elementor-button-text\">Daha Fazla Bilgi<\/span>\n\t\t<\/span>\n\t\t\t\t\t<\/a>\n\t\t<\/div>\n\t\t\t\t<\/div>\n\t\t\t\t<\/div>\n\t\t\t\t\t\t<\/div>\n\t\t\t\t\t<\/div>\n\t\t<\/div>\n\t\t\t\t<div class=\"elementor-column elementor-col-50 elementor-top-column elementor-element elementor-element-05b93d7\" data-id=\"05b93d7\" data-element_type=\"column\">\n\t\t\t<div class=\"elementor-column-wrap elementor-element-populated\">\n\t\t\t\t\t\t\t<div class=\"elementor-widget-wrap\">\n\t\t\t\t\t\t<div class=\"elementor-element elementor-element-436a58e elementor-widget elementor-widget-image\" data-id=\"436a58e\" data-element_type=\"widget\" data-widget_type=\"image.default\">\n\t\t\t\t<div class=\"elementor-widget-container\">\n\t\t\t\t\t\t\t\t<div class=\"elementor-image\">\n\t\t\t\t\t\t\t\t\t\t\t\t<img width=\"450\" height=\"450\" src=\"https:\/\/www.zetaindustry.com\/tr\/wp-content\/uploads\/2022\/06\/urun8.jpeg\" class=\"attachment-large size-large\" alt=\"\" loading=\"lazy\" srcset=\"https:\/\/www.zetaindustry.com\/tr\/wp-content\/uploads\/2022\/06\/urun8.jpeg 450w, https:\/\/www.zetaindustry.com\/tr\/wp-content\/uploads\/2022\/06\/urun8-300x300.jpeg 300w, https:\/\/www.zetaindustry.com\/tr\/wp-content\/uploads\/2022\/06\/urun8-150x150.jpeg 150w, https:\/\/www.zetaindustry.com\/tr\/wp-content\/uploads\/2022\/06\/urun8-12x12.jpeg 12w, https:\/\/www.zetaindustry.com\/tr\/wp-content\/uploads\/2022\/06\/urun8-100x100.jpeg 100w\" sizes=\"(max-width: 450px) 100vw, 450px\" \/>\t\t\t\t\t\t\t\t\t\t\t\t\t\t<\/div>\n\t\t\t\t\t\t<\/div>\n\t\t\t\t<\/div>\n\t\t\t\t<div class=\"elementor-element elementor-element-becfe77 elementor-widget elementor-widget-heading\" data-id=\"becfe77\" data-element_type=\"widget\" data-widget_type=\"heading.default\">\n\t\t\t\t<div class=\"elementor-widget-container\">\n\t\t\t<h2 class=\"elementor-heading-title elementor-size-default\">\u00c7elik Kap\u0131lar<\/h2>\t\t<\/div>\n\t\t\t\t<\/div>\n\t\t\t\t<div class=\"elementor-element elementor-element-9d11bc8 elementor-align-center elementor-widget elementor-widget-button\" data-id=\"9d11bc8\" data-element_type=\"widget\" data-widget_type=\"button.default\">\n\t\t\t\t<div class=\"elementor-widget-container\">\n\t\t\t\t\t<div class=\"elementor-button-wrapper\">\n\t\t\t<a href=\"https:\/\/www.zetaindustry.com\/tr\/celik-kapilar\/\" class=\"elementor-button-link elementor-button elementor-size-sm\" role=\"button\">\n\t\t\t\t\t\t<span class=\"elementor-button-content-wrapper\">\n\t\t\t\t\t\t<span class=\"elementor-button-text\">Daha Fazla Bilgi<\/span>\n\t\t<\/span>\n\t\t\t\t\t<\/a>\n\t\t<\/div>\n\t\t\t\t<\/div>\n\t\t\t\t<\/div>\n\t\t\t\t\t\t<\/div>\n\t\t\t\t\t<\/div>\n\t\t<\/div>\n\t\t\t\t\t\t\t\t<\/div>\n\t\t\t\t\t<\/div>\n\t\t<\/section>\n\t\t\t\t<section class=\"elementor-section elementor-top-section elementor-element elementor-element-2a70958 elementor-section-boxed elementor-section-height-default elementor-section-height-default\" data-id=\"2a70958\" data-element_type=\"section\">\n\t\t\t\t\t\t<div class=\"elementor-container elementor-column-gap-default\">\n\t\t\t\t\t\t\t<div class=\"elementor-row\">\n\t\t\t\t\t<div class=\"elementor-column elementor-col-100 elementor-top-column elementor-element elementor-element-d59b3f9\" data-id=\"d59b3f9\" data-element_type=\"column\">\n\t\t\t<div class=\"elementor-column-wrap elementor-element-populated\">\n\t\t\t\t\t\t\t<div class=\"elementor-widget-wrap\">\n\t\t\t\t\t\t<div class=\"elementor-element elementor-element-ef5c316 elementor-widget elementor-widget-spacer\" data-id=\"ef5c316\" data-element_type=\"widget\" data-widget_type=\"spacer.default\">\n\t\t\t\t<div class=\"elementor-widget-container\">\n\t\t\t\t\t<div class=\"elementor-spacer\">\n\t\t\t<div class=\"elementor-spacer-inner\"><\/div>\n\t\t<\/div>\n\t\t\t\t<\/div>\n\t\t\t\t<\/div>\n\t\t\t\t\t\t<\/div>\n\t\t\t\t\t<\/div>\n\t\t<\/div>\n\t\t\t\t\t\t\t\t<\/div>\n\t\t\t\t\t<\/div>\n\t\t<\/section>\n\t\t\t\t\t\t\t\t\t<\/div>\n\t\t\t<\/div>\n\t\t\t\t\t<\/div>\n\t\t","protected":false},"excerpt":{"rendered":"<p>___&nbsp; &nbsp;MOB\u0130LYA&nbsp; &nbsp;___ Zeta End\u00fcstri, m\u00fchendislik ve do\u011fal ah\u015fap mobilya \u00fcr\u00fcnleri \u00fcreticisidir. 2010 y\u0131l\u0131nda kurulan Zeta&#8217;n\u0131n \u00fcretim tesisi \u0130stanbul\/T\u00fcrkiye merkezlidir. \u0130hracattaki uzmanl\u0131\u011f\u0131m\u0131zla \u00fcr\u00fcnlerimizi d\u00fcnya \u00e7ap\u0131nda toptanc\u0131lara ve perakende i\u015fletmelere ula\u015ft\u0131r\u0131yoruz. \u0130\u00e7 Kap\u0131lar Daha Fazla Bilgi S\u00fcp\u00fcrgelikler Daha Fazla Bilgi Banyo mobilyas\u0131 Daha Fazla Bilgi Do\u011fal Ah\u015fap \u00dcr\u00fcnler Daha Fazla Bilgi \u00c7elik Kap\u0131lar Daha Fazla Bilgi<\/p>\n","protected":false},"author":2,"featured_media":0,"parent":0,"menu_order":0,"comment_status":"closed","ping_status":"closed","template":"","meta":[],"acf":[],"_links":{"self":[{"href":"https:\/\/www.zetaindustry.com\/tr\/wp-json\/wp\/v2\/pages\/1713"}],"collection":[{"href":"https:\/\/www.zetaindustry.com\/tr\/wp-json\/wp\/v2\/pages"}],"about":[{"href":"https:\/\/www.zetaindustry.com\/tr\/wp-json\/wp\/v2\/types\/page"}],"author":[{"embeddable":true,"href":"https:\/\/www.zetaindustry.com\/tr\/wp-json\/wp\/v2\/users\/2"}],"replies":[{"embeddable":true,"href":"https:\/\/www.zetaindustry.com\/tr\/wp-json\/wp\/v2\/comments?post=1713"}],"version-history":[{"count":32,"href":"https:\/\/www.zetaindustry.com\/tr\/wp-json\/wp\/v2\/pages\/1713\/revisions"}],"predecessor-version":[{"id":2180,"href":"https:\/\/www.zetaindustry.com\/tr\/wp-json\/wp\/v2\/pages\/1713\/revisions\/2180"}],"wp:attachment":[{"href":"https:\/\/www.zetaindustry.com\/tr\/wp-json\/wp\/v2\/media?parent=1713"}],"curies":[{"name":"wp","href":"https:\/\/api.w.org\/{rel}","templated":true}]}}