{"id":333,"date":"2020-04-12T16:25:16","date_gmt":"2020-04-12T16:25:16","guid":{"rendered":"https:\/\/www.zetaindustry.com\/about-us-1-copy\/"},"modified":"2022-06-24T21:01:23","modified_gmt":"2022-06-24T21:01:23","slug":"hakkimizda","status":"publish","type":"page","link":"https:\/\/www.zetaindustry.com\/tr\/hakkimizda\/","title":{"rendered":"Hakk\u0131m\u0131zda"},"content":{"rendered":"\t\t<div data-elementor-type=\"wp-page\" data-elementor-id=\"333\" class=\"elementor elementor-333\">\n\t\t\t\t\t\t<div class=\"elementor-inner\">\n\t\t\t\t<div class=\"elementor-section-wrap\">\n\t\t\t\t\t\t\t\t\t<section class=\"elementor-section elementor-top-section elementor-element elementor-element-c333076 elementor-section-boxed elementor-section-height-default elementor-section-height-default\" data-id=\"c333076\" data-element_type=\"section\">\n\t\t\t\t\t\t<div class=\"elementor-container elementor-column-gap-default\">\n\t\t\t\t\t\t\t<div class=\"elementor-row\">\n\t\t\t\t\t<div class=\"elementor-column elementor-col-100 elementor-top-column elementor-element elementor-element-2bad86f\" data-id=\"2bad86f\" data-element_type=\"column\">\n\t\t\t<div class=\"elementor-column-wrap elementor-element-populated\">\n\t\t\t\t\t\t\t<div class=\"elementor-widget-wrap\">\n\t\t\t\t\t\t<div class=\"elementor-element elementor-element-001c69f elementor-widget elementor-widget-spacer\" data-id=\"001c69f\" data-element_type=\"widget\" data-widget_type=\"spacer.default\">\n\t\t\t\t<div class=\"elementor-widget-container\">\n\t\t\t\t\t<div class=\"elementor-spacer\">\n\t\t\t<div class=\"elementor-spacer-inner\"><\/div>\n\t\t<\/div>\n\t\t\t\t<\/div>\n\t\t\t\t<\/div>\n\t\t\t\t\t\t<\/div>\n\t\t\t\t\t<\/div>\n\t\t<\/div>\n\t\t\t\t\t\t\t\t<\/div>\n\t\t\t\t\t<\/div>\n\t\t<\/section>\n\t\t\t\t<section class=\"elementor-section elementor-top-section elementor-element elementor-element-fa6c3d2 elementor-section-boxed elementor-section-height-default elementor-section-height-default\" data-id=\"fa6c3d2\" data-element_type=\"section\">\n\t\t\t\t\t\t<div class=\"elementor-container elementor-column-gap-default\">\n\t\t\t\t\t\t\t<div class=\"elementor-row\">\n\t\t\t\t\t<div class=\"elementor-column elementor-col-100 elementor-top-column elementor-element elementor-element-4470c66\" data-id=\"4470c66\" data-element_type=\"column\">\n\t\t\t<div class=\"elementor-column-wrap elementor-element-populated\">\n\t\t\t\t\t\t\t<div class=\"elementor-widget-wrap\">\n\t\t\t\t\t\t<div class=\"elementor-element elementor-element-1e20f94 elementor-widget elementor-widget-welcome-section\" data-id=\"1e20f94\" data-element_type=\"widget\" data-widget_type=\"welcome-section.default\">\n\t\t\t\t<div class=\"elementor-widget-container\">\n\t\t\t\t\t\t<div class=\"container\">\n\t\t\t\t<div class=\"row\">\n\t\t\t\t\t<div class=\"col-lg-6 col-md-12\">\n\t\t\t\t\t\t<div class=\"img-colarge\">\n\t\t\t\t\t\t\t<div class=\"colarge-1\">\n\t\t\t\t\t\t\t\t<img src=\"http:\/\/www.zetaindustry.com\/wp-content\/uploads\/2022\/06\/anasayfa_hakkimizda.jpeg\" alt=\"img\" class=\"slide-righ\">\n\t\t\t\t\t\t\t<\/div>\n\t\t\t\t\t\t\t<div class=\"since-year-outer\">\n\t\t\t\t\t\t\t\t<div class=\"since-year\">\n\t\t\t\t\t\t\t\t\t\t\t\t\t\t\t\t\t\t\t<span>Since<\/span>\n\t\t\t\t\t\t\t\t\t\t\t\t\t\t\t\t\t\t\t\t\t\t\t\t\t\t\t\t\t<strong>2010<\/strong>\n\t\t\t\t\t\t\t\t\t\t\t\t\t\t\t\t\t\t\t\n\t\t\t\t\t\t\t\t<\/div>\n\t\t\t\t\t\t\t<\/div>\n\t\t\t\t\t\t<\/div>\n\t\t\t\t\t<\/div>  \n\n\t\t\t\t\t<div class=\"col-lg-6 col-md-12\">\n\t\t\t\t\t\t<div class=\"welcom-to-section\">\n\t\t\t\t\t\t\t<!-- TITLE START-->\n\t\t\t\t\t\t\t\t\t\t\t\t\t\t\t<div class=\"left wt-small-separator-outer\">\n\t\t\t\t\t\t\t\t\t<div class=\"wt-small-separator site-text-primary\">\n\t\t\t\t\t\t\t\t\t\t<div class=\"sep-leaf-left\"><\/div>\n\t\t\t\t\t\t\t\t\t\t<div>HAKKIMIZDA<\/div>\n\t\t\t\t\t\t\t\t\t\t<div class=\"sep-leaf-right\"><\/div>\n\t\t\t\t\t\t\t\t\t<\/div>\n\t\t\t\t\t\t\t\t<\/div>\t\n\t\t\t\t\t\t\t\t\t\t\t\t\t\t\t\t\t\t\t\t\t\t\t<h2>ZETA END\u00dcSTR\u0130YEL MALZEMELER<\/h2>\n\t\t\t\t\t\t\t\t\t\t\t\t\t\t\t\t\t\t\t\t\t\t\tZeta End\u00fcstri; Kayma Demiri - Dower Bar, Ba\u011flant\u0131 Demiri - Tie Bar, Epoksi Kapl\u0131 \u0130n\u015faat Demiri - Rebar \u00fcretiminde k\u00fcresel ba\u015far\u0131!<br>\n2010 y\u0131l\u0131nda kurulan Zeta End\u00fcstri, Tuzla\/\u0130stanbul'da kurulu \u00fcretim tesislerinde ulusal ve global \u00f6l\u00e7ekteki stratejik in\u015faat projelerine y\u00f6nelik Kayma Demiri \/ Dowel Bar, Ba\u011flant\u0131 Demiri \/ Tie Bar ve Epoksi Kapl\u0131 \u0130n\u015faat Demiri - Rebar \u00fcretimi ger\u00e7ekle\u015ftirmektedir. Faaliyete ba\u015flad\u0131\u011f\u0131 tarihten bug\u00fcne s\u00fcrekli geli\u015fim ve inovasyona atfetti\u011fi de\u011ferle, kaliteden \u00f6d\u00fcn vermeyen \u00fcretim ve hizmet anlay\u0131\u015f\u0131yla sekt\u00f6r\u00fcnde T\u00fcrkiyenin y\u00fcz ak\u0131 firmas\u0131 olmay\u0131 ba\u015faran Zeta End\u00fcstri bug\u00fcn art\u0131k 5 k\u0131ta 50 den fazla \u00fclkede tercih edilen bir marka haline gelmi\u015ftir. Son 10 y\u0131ll\u0131k d\u00f6nemde stratejik \u00f6neme haiz bir\u00e7ok havaliman\u0131, karayolu tesis ve bina projesinde tedarik\u00e7i olarak yer almay\u0131 ba\u015farm\u0131\u015f olan Zeta End\u00fcstri bu anlamda iftihar vesilesi olan bir\u00e7ok referansa ve sars\u0131lmaz bir \u00fcne sahiptir.\t\t\t\t\t\t\t\t\t\t\t\t\t\t\t\n\t\t\t\t\t\t\t<div class=\"welcom-to-section-bottom d-flex justify-content-between\">\n\t\t\t\t\t\t\t\t\t\t\t\t\t\t\t\t\t\t\t\t\t\t\t\t<div class=\"welcom-sign-info\">\n\t\t\t\t\t\t\t\t\t\t\t\t\t\t\t\t\t\t\t\t\t\t\t\t\t\t\t\n\t\t\t\t\t\t\t\t<\/div>\n\t\t\t\t\t\t\t<\/div>   \n\t\t\t\t\t\t<\/div>\n\t\t\t\t\t<\/div>\n\t\t\t\t<\/div>\n\t\t\t<\/div>\n\t\t\t\t\t<\/div>\n\t\t\t\t<\/div>\n\t\t\t\t\t\t<\/div>\n\t\t\t\t\t<\/div>\n\t\t<\/div>\n\t\t\t\t\t\t\t\t<\/div>\n\t\t\t\t\t<\/div>\n\t\t<\/section>\n\t\t\t\t<section class=\"elementor-section elementor-top-section elementor-element elementor-element-09f1474 elementor-section-boxed elementor-section-height-default elementor-section-height-default\" data-id=\"09f1474\" data-element_type=\"section\">\n\t\t\t\t\t\t<div class=\"elementor-container elementor-column-gap-default\">\n\t\t\t\t\t\t\t<div class=\"elementor-row\">\n\t\t\t\t\t<div class=\"elementor-column elementor-col-100 elementor-top-column elementor-element elementor-element-a8bf0e7\" data-id=\"a8bf0e7\" data-element_type=\"column\">\n\t\t\t<div class=\"elementor-column-wrap elementor-element-populated\">\n\t\t\t\t\t\t\t<div class=\"elementor-widget-wrap\">\n\t\t\t\t\t\t<div class=\"elementor-element elementor-element-7bbbf8c elementor-widget elementor-widget-text-editor\" data-id=\"7bbbf8c\" data-element_type=\"widget\" data-widget_type=\"text-editor.default\">\n\t\t\t\t<div class=\"elementor-widget-container\">\n\t\t\t\t\t\t\t\t<div class=\"elementor-text-editor elementor-clearfix\">\n\t\t\t\t<p>Kayma Demiri \/ Dowel Bar, Ba\u011flant\u0131 Demiri \/ Tie Bar ve Epoksi Kapl\u0131 \u0130n\u015faat Demiri \/ Rebar \u00fcretimi alan\u0131nda kalite anlay\u0131\u015f\u0131n\u0131 uluslararas\u0131 ge\u00e7erlili\u011fi olan kalite belgeleri ile ta\u00e7land\u0131rm\u0131\u015ft\u0131r. T\u00fcrkiye\u2019de ilk ve tek d\u00fcnyada ise \u00e7ok az say\u0131da firman\u0131n sahip oldu\u011fu Amerikan ASTM Standartlar\u0131na Uygunluk Belgesi, ISO 9001 Kalite Y\u00f6netimi, ISO 14001 \u00c7evre Y\u00f6netim Sistemi ve ISO 18001 OHSAS \u0130\u015f Sa\u011fl\u0131\u011f\u0131 ve G\u00fcvenli\u011fi Y\u00f6netimi sertifikalar\u0131yla Avrupa k\u0131tas\u0131nda genel ge\u00e7erli standart olan EN \u2013 13877-3\u2019e uygunlu\u011fuyla sekt\u00f6r\u00fcnde \u00f6rnek g\u00f6sterilen firma olma \u00f6zelli\u011fini ta\u015f\u0131yan Zeta End\u00fcstri, yap\u0131 teknolojileri konusunda t\u00fcm d\u00fcnyada s\u00fcrd\u00fcr\u00fclen bilimsel \u00e7al\u0131\u015fmalar\u0131 yak\u0131ndan takip etmekte ve desteklemektedir.<br \/>Zeta End\u00fcstri\u2019nin kendi \u00fcretim tesislerinde 4500 m2 kapal\u0131 alanda bilgisayar kontroll\u00fc robotik sistem tandem hatlar\u0131 ile s\u00fcrd\u00fcrd\u00fc\u011f\u00fc \u00fcretim faaliyetleri i\u00e7inde hali haz\u0131rda ayl\u0131k Kayma Demiri \/ Dowel Bar \u00fcretim kapasitesi ayl\u0131k ortalama 500.000 adet olup sipari\u015f ve talep yo\u011funlu\u011funa g\u00f6re \u00fcretim kapasite artt\u0131r\u0131labilmektedir. Ayl\u0131k Epoksi Kapl\u0131 \u0130n\u015faat Demiri \/ Rebar \u00fcretim kapasitesi ise 3.000 tona kadar \u00e7\u0131kar\u0131labilmektedir.<br \/>Zeta End\u00fcstri olarak hedeflerimiz do\u011frultusunda ilerlemeye, kendimizi s\u00fcrekli olarak yenilemeye ve geli\u015ftirmeye, en iyi kalite ve hizmet anlay\u0131\u015f\u0131n\u0131 siz de\u011ferli i\u015f ortaklar\u0131m\u0131za sunmaya ve sekt\u00f6rdeki sayg\u0131nl\u0131\u011f\u0131m\u0131z\u0131 korumaya devam edece\u011fiz.<\/p>\t\t\t\t\t<\/div>\n\t\t\t\t\t\t<\/div>\n\t\t\t\t<\/div>\n\t\t\t\t\t\t<\/div>\n\t\t\t\t\t<\/div>\n\t\t<\/div>\n\t\t\t\t\t\t\t\t<\/div>\n\t\t\t\t\t<\/div>\n\t\t<\/section>\n\t\t\t\t<section class=\"elementor-section elementor-top-section elementor-element elementor-element-745473c elementor-section-full_width elementor-section-height-default elementor-section-height-default\" data-id=\"745473c\" data-element_type=\"section\">\n\t\t\t\t\t\t<div class=\"elementor-container elementor-column-gap-default\">\n\t\t\t\t\t\t\t<div class=\"elementor-row\">\n\t\t\t\t\t<div class=\"elementor-column elementor-col-100 elementor-top-column elementor-element elementor-element-5bf24e7\" data-id=\"5bf24e7\" data-element_type=\"column\">\n\t\t\t<div class=\"elementor-column-wrap elementor-element-populated\">\n\t\t\t\t\t\t\t<div class=\"elementor-widget-wrap\">\n\t\t\t\t\t\t<div class=\"elementor-element elementor-element-a2db931 elementor-widget elementor-widget-info-section\" data-id=\"a2db931\" data-element_type=\"widget\" data-widget_type=\"info-section.default\">\n\t\t\t\t<div class=\"elementor-widget-container\">\n\t\t\t\t\t\t<div class=\"section-full  p-t80 p-b50 bg-white  bg-bottom-right bg-no-repeat\" style=\"background-image:url(https:\/\/gridvalley.net\/wp\/industroz\/wp-content\/uploads\/2020\/04\/bg-5.png)\">\n                <div class=\"container\">\n                    <div class=\"row d-flex justify-content-center\">\n                        <div class=\"col-lg-6 col-md-12 m-b30\">\n                            <!-- TITLE START-->\n                            <div class=\"left wt-small-separator-outer\">\n                                <div class=\"wt-small-separator site-text-primary\">\n                                    <div  class=\"sep-leaf-left\"><\/div>\n                                    <div>Zeta End\u00fcstri<\/div>\n                                    <div  class=\"sep-leaf-right\"><\/div>\n                                <\/div>\n                                <h2>\u00dcretimde K\u00fcresel Ba\u015far\u0131<\/h2>\n                                <p>AMER\u0130KA, AVRUPA, KANADA, K\u00d6RFEZ, AFR\u0130KA, ASYA, ORTA ASYA&#039;da bulunan t\u00fcm \u00fclkelere ihracat<\/p>\n                            <\/div>\n                            <!-- TITLE END-->\n                            <div class=\"video-3-section-outer-bottom\">\n                                <div class=\"video-section2-outer mfp-gallery\">\n                                    <div class=\"video-section\">\n                                         <a href=\"#\" class=\"mfp-video play-now\">\n                                            <i class=\"icon fa fa-play\"><\/i>\n                                            <span class=\"ripple\"><\/span>\n                                        <\/a>                                              \n                                    <\/div>\t    \n                                <\/div> \n                                <div class=\"video3-section-blockquote\">\n                                    <i class=\"fa fa-quote-left\"><\/i>\n                                    <span class=\"q-author-detail site-text-secondry title-style-2\">T\u00fcm ihtiya\u00e7lar\u0131n\u0131z i\u00e7in bize ula\u015f\u0131n...<\/span>\n                                    <div class=\"q-author-name site-text-primary title-style-2\">Zeta End\u00fcstri<\/div>\n                                <\/div>\n                            <\/div>                                                                                  \n                        <\/div>\n                        <div class=\"col-lg-6 col-md-12 m-b30\">\n                             <div class=\"home-contact-section site-bg-primary p-a40\">\n                                <div role=\"form\" class=\"wpcf7\" id=\"wpcf7-f418-o1\" lang=\"en-US\" dir=\"ltr\">\n<div class=\"screen-reader-response\"><p role=\"status\" aria-live=\"polite\" aria-atomic=\"true\"><\/p> <ul><\/ul><\/div>\n<form action=\"\/tr\/wp-json\/wp\/v2\/pages\/333#wpcf7-f418-o1\" method=\"post\" class=\"wpcf7-form init\" novalidate=\"novalidate\" data-status=\"init\">\n<div style=\"display: none;\">\n<input type=\"hidden\" name=\"_wpcf7\" value=\"418\" \/>\n<input type=\"hidden\" name=\"_wpcf7_version\" value=\"5.5.6.1\" \/>\n<input type=\"hidden\" name=\"_wpcf7_locale\" value=\"en_US\" \/>\n<input type=\"hidden\" name=\"_wpcf7_unit_tag\" value=\"wpcf7-f418-o1\" \/>\n<input type=\"hidden\" name=\"_wpcf7_container_post\" value=\"0\" \/>\n<input type=\"hidden\" name=\"_wpcf7_posted_data_hash\" value=\"\" \/>\n<\/div>\n<div class=\"cons-contact-form\">\n<div class=\"wt-small-separator-outer text-white\">\n<h2>\u0130leti\u015fim Formu<\/h2>\n<\/div>\n<div class=\"row\">\n<div class=\"col-md-6 col-sm-6\">\n<div class=\"form-group\"><span class=\"wpcf7-form-control-wrap text-619\"><input type=\"text\" name=\"text-619\" value=\"\" size=\"40\" class=\"wpcf7-form-control wpcf7-text wpcf7-validates-as-required form-control\" aria-required=\"true\" aria-invalid=\"false\" placeholder=\"Ad\u0131n\u0131z Soyad\u0131n\u0131z\" \/><\/span><\/div>\n<\/div>\n<div class=\"col-md-6 col-sm-6\">\n<div class=\"form-group\"><span class=\"wpcf7-form-control-wrap email-44\"><input type=\"email\" name=\"email-44\" value=\"\" size=\"40\" class=\"wpcf7-form-control wpcf7-text wpcf7-email wpcf7-validates-as-required wpcf7-validates-as-email form-control\" aria-required=\"true\" aria-invalid=\"false\" placeholder=\"E-Posta\" \/><\/span><\/div>\n<\/div>\n<div class=\"col-md-6 col-sm-6\">\n<div class=\"form-group\"><span class=\"wpcf7-form-control-wrap text-620\"><input type=\"text\" name=\"text-620\" value=\"\" size=\"40\" class=\"wpcf7-form-control wpcf7-text wpcf7-validates-as-required form-control\" aria-required=\"true\" aria-invalid=\"false\" placeholder=\"Telefon\" \/><\/span><\/div>\n<\/div>\n<div class=\"col-md-6 col-sm-6\">\n<div class=\"form-group\"><span class=\"wpcf7-form-control-wrap text-621\"><input type=\"text\" name=\"text-621\" value=\"\" size=\"40\" class=\"wpcf7-form-control wpcf7-text wpcf7-validates-as-required form-control\" aria-required=\"true\" aria-invalid=\"false\" placeholder=\"Konu\" \/><\/span><\/div>\n<\/div>\n<div class=\"col-md-12\">\n<div class=\"form-group\"><span class=\"wpcf7-form-control-wrap textarea-397\"><textarea name=\"textarea-397\" cols=\"40\" rows=\"10\" class=\"wpcf7-form-control wpcf7-textarea form-control\" aria-invalid=\"false\" placeholder=\"Mesaj\u0131n\u0131z\"><\/textarea><\/span><\/div>\n<\/div>\n<div class=\"col-md-12\"><input type=\"submit\" value=\"G\u00f6nder\" class=\"wpcf7-form-control has-spinner wpcf7-submit site-button-secondry site-btn-effect\" \/><\/div>\n<\/div>\n<\/div>\n<div class=\"wpcf7-response-output\" aria-hidden=\"true\"><\/div><\/form><\/div>                                       \n                            <\/div>\n                        <\/div>\n                   <\/div>\n\t\t\t\t<\/div>\n            <\/div>\n\t\t\t\t\t<\/div>\n\t\t\t\t<\/div>\n\t\t\t\t\t\t<\/div>\n\t\t\t\t\t<\/div>\n\t\t<\/div>\n\t\t\t\t\t\t\t\t<\/div>\n\t\t\t\t\t<\/div>\n\t\t<\/section>\n\t\t\t\t\t\t\t\t\t<\/div>\n\t\t\t<\/div>\n\t\t\t\t\t<\/div>\n\t\t","protected":false},"excerpt":{"rendered":"<p>Since 2010 HAKKIMIZDA ZETA END\u00dcSTR\u0130YEL MALZEMELER Zeta End\u00fcstri; Kayma Demiri &#8211; Dower Bar, Ba\u011flant\u0131 Demiri &#8211; Tie Bar, Epoksi Kapl\u0131 \u0130n\u015faat Demiri &#8211; Rebar \u00fcretiminde k\u00fcresel ba\u015far\u0131! 2010 y\u0131l\u0131nda kurulan Zeta End\u00fcstri, Tuzla\/\u0130stanbul&#8217;da kurulu \u00fcretim tesislerinde ulusal ve global \u00f6l\u00e7ekteki stratejik in\u015faat projelerine y\u00f6nelik Kayma Demiri \/ Dowel Bar, Ba\u011flant\u0131 Demiri \/ Tie Bar ve [&hellip;]<\/p>\n","protected":false},"author":1,"featured_media":0,"parent":0,"menu_order":0,"comment_status":"closed","ping_status":"closed","template":"","meta":[],"acf":[],"_links":{"self":[{"href":"https:\/\/www.zetaindustry.com\/tr\/wp-json\/wp\/v2\/pages\/333"}],"collection":[{"href":"https:\/\/www.zetaindustry.com\/tr\/wp-json\/wp\/v2\/pages"}],"about":[{"href":"https:\/\/www.zetaindustry.com\/tr\/wp-json\/wp\/v2\/types\/page"}],"author":[{"embeddable":true,"href":"https:\/\/www.zetaindustry.com\/tr\/wp-json\/wp\/v2\/users\/1"}],"replies":[{"embeddable":true,"href":"https:\/\/www.zetaindustry.com\/tr\/wp-json\/wp\/v2\/comments?post=333"}],"version-history":[{"count":58,"href":"https:\/\/www.zetaindustry.com\/tr\/wp-json\/wp\/v2\/pages\/333\/revisions"}],"predecessor-version":[{"id":2016,"href":"https:\/\/www.zetaindustry.com\/tr\/wp-json\/wp\/v2\/pages\/333\/revisions\/2016"}],"wp:attachment":[{"href":"https:\/\/www.zetaindustry.com\/tr\/wp-json\/wp\/v2\/media?parent=333"}],"curies":[{"name":"wp","href":"https:\/\/api.w.org\/{rel}","templated":true}]}}