{"id":361,"date":"2020-04-12T16:37:13","date_gmt":"2020-04-12T16:37:13","guid":{"rendered":"https:\/\/www.zetaindustry.com\/about-us-2-copy\/"},"modified":"2022-06-10T06:11:46","modified_gmt":"2022-06-10T06:11:46","slug":"blog","status":"publish","type":"page","link":"https:\/\/www.zetaindustry.com\/tr\/blog\/","title":{"rendered":"Blog"},"content":{"rendered":"\t\t<div data-elementor-type=\"wp-page\" data-elementor-id=\"361\" class=\"elementor elementor-361\">\n\t\t\t\t\t\t<div class=\"elementor-inner\">\n\t\t\t\t<div class=\"elementor-section-wrap\">\n\t\t\t\t\t\t\t\t\t<section class=\"elementor-section elementor-top-section elementor-element elementor-element-093531e elementor-section-boxed elementor-section-height-default elementor-section-height-default\" data-id=\"093531e\" data-element_type=\"section\" data-settings=\"{&quot;background_background&quot;:&quot;classic&quot;}\">\n\t\t\t\t\t\t<div class=\"elementor-container elementor-column-gap-default\">\n\t\t\t\t\t\t\t<div class=\"elementor-row\">\n\t\t\t\t\t<div class=\"elementor-column elementor-col-100 elementor-top-column elementor-element elementor-element-391f9cc\" data-id=\"391f9cc\" data-element_type=\"column\">\n\t\t\t<div class=\"elementor-column-wrap elementor-element-populated\">\n\t\t\t\t\t\t\t<div class=\"elementor-widget-wrap\">\n\t\t\t\t\t\t<div class=\"elementor-element elementor-element-20beea2 elementor-widget elementor-widget-news-section\" data-id=\"20beea2\" data-element_type=\"widget\" data-widget_type=\"news-section.default\">\n\t\t\t\t<div class=\"elementor-widget-container\">\n\t\t\t\t\t\t<div class=\"section-full  p-t80 blog-post-outer-3 \">\n\t\t\t\t<div class=\"container\">\n\t\t\t\t\t\t\t\t\t\t\n\t\t\t\t\t<!-- BLOG SECTION START -->\n\t\t\t\t\t<div class=\"section-content\">\n\t\t\t\t\t\t<div class=\"row d-flex justify-content-center\">\n\t\t\t\t\t\t\t\t\t\t\t\t\t\t\t<div class=\"col-lg-4 col-md-6 col-sm-12\">\n\t\t\t\t\t\t\t\t\t<!--Block one-->\n\t\t\t\t\t\t\t\t\t<div class=\"blog-post industroz-blog-grid style1 date-style-2\">\n\t\t\t\t\t\t\t\t\t\t<div class=\"wt-post-media wt-img-effect zoom-slow\">\n\t\t\t\t\t\t\t\t\t\t\t<a href=\"https:\/\/www.zetaindustry.com\/tr\/2015-istanbul-fair-and-photos\/\">\n\t\t\t\t\t\t\t\t\t\t\t\t<img width=\"552\" height=\"368\" src=\"https:\/\/www.zetaindustry.com\/tr\/wp-content\/uploads\/2022\/06\/3b237121-2ebb-4b9f-864d-8c646448a2bc.jpeg\" class=\"attachment-full size-full wp-post-image\" alt=\"\" loading=\"lazy\" srcset=\"https:\/\/www.zetaindustry.com\/tr\/wp-content\/uploads\/2022\/06\/3b237121-2ebb-4b9f-864d-8c646448a2bc.jpeg 552w, https:\/\/www.zetaindustry.com\/tr\/wp-content\/uploads\/2022\/06\/3b237121-2ebb-4b9f-864d-8c646448a2bc-300x200.jpeg 300w, https:\/\/www.zetaindustry.com\/tr\/wp-content\/uploads\/2022\/06\/3b237121-2ebb-4b9f-864d-8c646448a2bc-18x12.jpeg 18w\" sizes=\"(max-width: 552px) 100vw, 552px\" \/>\t\t\t\t\t\t\t\t\t\t\t<\/a>\n\t\t\t\t\t\t\t\t\t\t<\/div>\n\t\t\t\t\t\t\t\t\t\t<div class=\"wt-post-info p-t30\">\n\t\t\t\t\t\t\t\t\t\t\t<div class=\"wt-post-meta \">\n\t\t\t\t\t\t\t\t\t\t\t\t<ul>\n\t\t\t\t\t\t\t\t\t\t\t\t\t\t\t\t\t\t\t\t\t\t\t\t\t\t\t\t<li class=\"post-category\"><a href=\"https:\/\/www.zetaindustry.com\/tr\/category\/business\/\"><span>Business<\/span><\/a> <\/li>\n\t\t\t\t\t\t\t\t\t\t\t\t\t\t\t\t\t\t\t\t\t\t\t\t\t\t\t\t<li class=\"post-date\">Haziran 2, 2022<\/li>\n\t\t\t\t\t\t\t\t\t\t\t\t\t<li class=\"post-comment\">0 Comments<\/li>\n\t\t\t\t\t\t\t\t\t\t\t\t<\/ul>\n\t\t\t\t\t\t\t\t\t\t\t<\/div>                                 \n\t\t\t\t\t\t\t\t\t\t\t<div class=\"wt-post-title \">\n\t\t\t\t\t\t\t\t\t\t\t\t<h4 class=\"post-title\"><a href=\"https:\/\/www.zetaindustry.com\/tr\/2015-istanbul-fair-and-photos\/\">2015 Istanbul Fair and Photos<\/a><\/h4>\n\t\t\t\t\t\t\t\t\t\t\t\t<p><\/p>\n\t\t\t\t\t\t\t\t\t\t\t<\/div>\n\t\t\t\t\t\t\t\t\t\t\t<div class=\"wt-post-readmore \">\n\t\t\t\t\t\t\t\t\t\t\t\t<a href=\"https:\/\/www.zetaindustry.com\/tr\/2015-istanbul-fair-and-photos\/\" class=\"site-button-link black\">Read More<\/a>\n\t\t\t\t\t\t\t\t\t\t\t<\/div>                                        \n\t\t\t\t\t\t\t\t\t\t<\/div>                                \n\t\t\t\t\t\t\t\t\t<\/div>\n\t\t\t\t\t\t\t\t<\/div>\n\t\t\t\t\t\t\t\t\t\t\t\t\t\t\t\t<div class=\"col-lg-4 col-md-6 col-sm-12\">\n\t\t\t\t\t\t\t\t\t<!--Block one-->\n\t\t\t\t\t\t\t\t\t<div class=\"blog-post industroz-blog-grid style1 date-style-2\">\n\t\t\t\t\t\t\t\t\t\t<div class=\"wt-post-media wt-img-effect zoom-slow\">\n\t\t\t\t\t\t\t\t\t\t\t<a href=\"https:\/\/www.zetaindustry.com\/tr\/hamad-uluslararasi-havalimani-genisletme-projesi\/\">\n\t\t\t\t\t\t\t\t\t\t\t\t<img width=\"552\" height=\"368\" src=\"https:\/\/www.zetaindustry.com\/tr\/wp-content\/uploads\/2022\/06\/3322fce1-278c-4e09-85c5-56da5242afa7.jpeg\" class=\"attachment-full size-full wp-post-image\" alt=\"\" loading=\"lazy\" srcset=\"https:\/\/www.zetaindustry.com\/tr\/wp-content\/uploads\/2022\/06\/3322fce1-278c-4e09-85c5-56da5242afa7.jpeg 552w, https:\/\/www.zetaindustry.com\/tr\/wp-content\/uploads\/2022\/06\/3322fce1-278c-4e09-85c5-56da5242afa7-300x200.jpeg 300w, https:\/\/www.zetaindustry.com\/tr\/wp-content\/uploads\/2022\/06\/3322fce1-278c-4e09-85c5-56da5242afa7-18x12.jpeg 18w\" sizes=\"(max-width: 552px) 100vw, 552px\" \/>\t\t\t\t\t\t\t\t\t\t\t<\/a>\n\t\t\t\t\t\t\t\t\t\t<\/div>\n\t\t\t\t\t\t\t\t\t\t<div class=\"wt-post-info p-t30\">\n\t\t\t\t\t\t\t\t\t\t\t<div class=\"wt-post-meta \">\n\t\t\t\t\t\t\t\t\t\t\t\t<ul>\n\t\t\t\t\t\t\t\t\t\t\t\t\t\t\t\t\t\t\t\t\t\t\t\t\t\t\t\t<li class=\"post-category\"><a href=\"https:\/\/www.zetaindustry.com\/tr\/category\/business\/\"><span>Business<\/span><\/a> <\/li>\n\t\t\t\t\t\t\t\t\t\t\t\t\t\t\t\t\t\t\t\t\t\t\t\t\t\t\t\t<li class=\"post-date\">Haziran 2, 2022<\/li>\n\t\t\t\t\t\t\t\t\t\t\t\t\t<li class=\"post-comment\">0 Comments<\/li>\n\t\t\t\t\t\t\t\t\t\t\t\t<\/ul>\n\t\t\t\t\t\t\t\t\t\t\t<\/div>                                 \n\t\t\t\t\t\t\t\t\t\t\t<div class=\"wt-post-title \">\n\t\t\t\t\t\t\t\t\t\t\t\t<h4 class=\"post-title\"><a href=\"https:\/\/www.zetaindustry.com\/tr\/hamad-uluslararasi-havalimani-genisletme-projesi\/\">Hamad Uluslararas\u0131 Havaliman\u0131 Geni\u015fletm<\/a><\/h4>\n\t\t\t\t\t\t\t\t\t\t\t\t<p><\/p>\n\t\t\t\t\t\t\t\t\t\t\t<\/div>\n\t\t\t\t\t\t\t\t\t\t\t<div class=\"wt-post-readmore \">\n\t\t\t\t\t\t\t\t\t\t\t\t<a href=\"https:\/\/www.zetaindustry.com\/tr\/hamad-uluslararasi-havalimani-genisletme-projesi\/\" class=\"site-button-link black\">Read More<\/a>\n\t\t\t\t\t\t\t\t\t\t\t<\/div>                                        \n\t\t\t\t\t\t\t\t\t\t<\/div>                                \n\t\t\t\t\t\t\t\t\t<\/div>\n\t\t\t\t\t\t\t\t<\/div>\n\t\t\t\t\t\t\t\t\t\t\t\t\t\t\t\t<div class=\"col-lg-4 col-md-6 col-sm-12\">\n\t\t\t\t\t\t\t\t\t<!--Block one-->\n\t\t\t\t\t\t\t\t\t<div class=\"blog-post industroz-blog-grid style1 date-style-2\">\n\t\t\t\t\t\t\t\t\t\t<div class=\"wt-post-media wt-img-effect zoom-slow\">\n\t\t\t\t\t\t\t\t\t\t\t<a href=\"https:\/\/www.zetaindustry.com\/tr\/inter-airport-europe-fuari\/\">\n\t\t\t\t\t\t\t\t\t\t\t\t<img width=\"552\" height=\"368\" src=\"https:\/\/www.zetaindustry.com\/tr\/wp-content\/uploads\/2022\/06\/Airplane-etkinlik-2.jpg\" class=\"attachment-full size-full wp-post-image\" alt=\"\" loading=\"lazy\" srcset=\"https:\/\/www.zetaindustry.com\/tr\/wp-content\/uploads\/2022\/06\/Airplane-etkinlik-2.jpg 552w, https:\/\/www.zetaindustry.com\/tr\/wp-content\/uploads\/2022\/06\/Airplane-etkinlik-2-300x200.jpg 300w, https:\/\/www.zetaindustry.com\/tr\/wp-content\/uploads\/2022\/06\/Airplane-etkinlik-2-18x12.jpg 18w\" sizes=\"(max-width: 552px) 100vw, 552px\" \/>\t\t\t\t\t\t\t\t\t\t\t<\/a>\n\t\t\t\t\t\t\t\t\t\t<\/div>\n\t\t\t\t\t\t\t\t\t\t<div class=\"wt-post-info p-t30\">\n\t\t\t\t\t\t\t\t\t\t\t<div class=\"wt-post-meta \">\n\t\t\t\t\t\t\t\t\t\t\t\t<ul>\n\t\t\t\t\t\t\t\t\t\t\t\t\t\t\t\t\t\t\t\t\t\t\t\t\t\t\t\t<li class=\"post-category\"><a href=\"https:\/\/www.zetaindustry.com\/tr\/category\/business\/\"><span>Business<\/span><\/a> <\/li>\n\t\t\t\t\t\t\t\t\t\t\t\t\t\t\t\t\t\t\t\t\t\t\t\t\t\t\t\t<li class=\"post-date\">Haziran 2, 2022<\/li>\n\t\t\t\t\t\t\t\t\t\t\t\t\t<li class=\"post-comment\">0 Comments<\/li>\n\t\t\t\t\t\t\t\t\t\t\t\t<\/ul>\n\t\t\t\t\t\t\t\t\t\t\t<\/div>                                 \n\t\t\t\t\t\t\t\t\t\t\t<div class=\"wt-post-title \">\n\t\t\t\t\t\t\t\t\t\t\t\t<h4 class=\"post-title\"><a href=\"https:\/\/www.zetaindustry.com\/tr\/inter-airport-europe-fuari\/\">Inter Airport Europe Fuar\u0131<\/a><\/h4>\n\t\t\t\t\t\t\t\t\t\t\t\t<p><\/p>\n\t\t\t\t\t\t\t\t\t\t\t<\/div>\n\t\t\t\t\t\t\t\t\t\t\t<div class=\"wt-post-readmore \">\n\t\t\t\t\t\t\t\t\t\t\t\t<a href=\"https:\/\/www.zetaindustry.com\/tr\/inter-airport-europe-fuari\/\" class=\"site-button-link black\">Read More<\/a>\n\t\t\t\t\t\t\t\t\t\t\t<\/div>                                        \n\t\t\t\t\t\t\t\t\t\t<\/div>                                \n\t\t\t\t\t\t\t\t\t<\/div>\n\t\t\t\t\t\t\t\t<\/div>\n\t\t\t\t\t\t\t\t\t\t\t\t\t\t<\/div>\n\t\t\t\t\t\t\t\t\t\t\t<\/div>\n\t\t\t\t<\/div>\n\t\t\t<\/div>\n\t\t\t\t\t<\/div>\n\t\t\t\t<\/div>\n\t\t\t\t\t\t<\/div>\n\t\t\t\t\t<\/div>\n\t\t<\/div>\n\t\t\t\t\t\t\t\t<\/div>\n\t\t\t\t\t<\/div>\n\t\t<\/section>\n\t\t\t\t\t\t\t\t\t<\/div>\n\t\t\t<\/div>\n\t\t\t\t\t<\/div>\n\t\t","protected":false},"excerpt":{"rendered":"<p>Investment April 12, 2020 0 Comments Australia\u2019s provider of industry-based r It showed a lady fitted out with a fur hat and fur boa who sat upright, raising a heavy fur muff that covered the lower army. Read More Materials April 12, 2020 0 Comments Examples of posts from authority websites Telenor Connexion manages more [&hellip;]<\/p>\n","protected":false},"author":1,"featured_media":0,"parent":0,"menu_order":0,"comment_status":"closed","ping_status":"closed","template":"","meta":[],"acf":[],"_links":{"self":[{"href":"https:\/\/www.zetaindustry.com\/tr\/wp-json\/wp\/v2\/pages\/361"}],"collection":[{"href":"https:\/\/www.zetaindustry.com\/tr\/wp-json\/wp\/v2\/pages"}],"about":[{"href":"https:\/\/www.zetaindustry.com\/tr\/wp-json\/wp\/v2\/types\/page"}],"author":[{"embeddable":true,"href":"https:\/\/www.zetaindustry.com\/tr\/wp-json\/wp\/v2\/users\/1"}],"replies":[{"embeddable":true,"href":"https:\/\/www.zetaindustry.com\/tr\/wp-json\/wp\/v2\/comments?post=361"}],"version-history":[{"count":14,"href":"https:\/\/www.zetaindustry.com\/tr\/wp-json\/wp\/v2\/pages\/361\/revisions"}],"predecessor-version":[{"id":1834,"href":"https:\/\/www.zetaindustry.com\/tr\/wp-json\/wp\/v2\/pages\/361\/revisions\/1834"}],"wp:attachment":[{"href":"https:\/\/www.zetaindustry.com\/tr\/wp-json\/wp\/v2\/media?parent=361"}],"curies":[{"name":"wp","href":"https:\/\/api.w.org\/{rel}","templated":true}]}}