{"id":40,"date":"2020-04-11T18:52:17","date_gmt":"2020-04-11T18:52:17","guid":{"rendered":"https:\/\/www.zetaindustry.com\/?page_id=40"},"modified":"2022-06-24T21:59:07","modified_gmt":"2022-06-24T21:59:07","slug":"iletisim","status":"publish","type":"page","link":"https:\/\/www.zetaindustry.com\/tr\/iletisim\/","title":{"rendered":"\u0130leti\u015fim"},"content":{"rendered":"\t\t<div data-elementor-type=\"wp-page\" data-elementor-id=\"40\" class=\"elementor elementor-40\">\n\t\t\t\t\t\t<div class=\"elementor-inner\">\n\t\t\t\t<div class=\"elementor-section-wrap\">\n\t\t\t\t\t\t\t\t\t<section class=\"elementor-section elementor-top-section elementor-element elementor-element-132dbd0 elementor-section-boxed elementor-section-height-default elementor-section-height-default\" data-id=\"132dbd0\" data-element_type=\"section\" data-settings=\"{&quot;background_background&quot;:&quot;classic&quot;}\">\n\t\t\t\t\t\t<div class=\"elementor-container elementor-column-gap-default\">\n\t\t\t\t\t\t\t<div class=\"elementor-row\">\n\t\t\t\t\t<div class=\"elementor-column elementor-col-50 elementor-top-column elementor-element elementor-element-64d74a4\" data-id=\"64d74a4\" data-element_type=\"column\" data-settings=\"{&quot;background_background&quot;:&quot;classic&quot;}\">\n\t\t\t<div class=\"elementor-column-wrap elementor-element-populated\">\n\t\t\t\t\t\t\t<div class=\"elementor-widget-wrap\">\n\t\t\t\t\t\t<div class=\"elementor-element elementor-element-5915b66 elementor-widget elementor-widget-shortcode\" data-id=\"5915b66\" data-element_type=\"widget\" data-widget_type=\"shortcode.default\">\n\t\t\t\t<div class=\"elementor-widget-container\">\n\t\t\t\t\t<div class=\"elementor-shortcode\"><div role=\"form\" class=\"wpcf7\" id=\"wpcf7-f418-o1\" lang=\"en-US\" dir=\"ltr\">\n<div class=\"screen-reader-response\"><p role=\"status\" aria-live=\"polite\" aria-atomic=\"true\"><\/p> <ul><\/ul><\/div>\n<form action=\"\/tr\/wp-json\/wp\/v2\/pages\/40#wpcf7-f418-o1\" method=\"post\" class=\"wpcf7-form init\" novalidate=\"novalidate\" data-status=\"init\">\n<div style=\"display: none;\">\n<input type=\"hidden\" name=\"_wpcf7\" value=\"418\" \/>\n<input type=\"hidden\" name=\"_wpcf7_version\" value=\"5.5.6.1\" \/>\n<input type=\"hidden\" name=\"_wpcf7_locale\" value=\"en_US\" \/>\n<input type=\"hidden\" name=\"_wpcf7_unit_tag\" value=\"wpcf7-f418-o1\" \/>\n<input type=\"hidden\" name=\"_wpcf7_container_post\" value=\"0\" \/>\n<input type=\"hidden\" name=\"_wpcf7_posted_data_hash\" value=\"\" \/>\n<\/div>\n<div class=\"cons-contact-form\">\n<div class=\"wt-small-separator-outer text-white\">\n<h2>\u0130leti\u015fim Formu<\/h2>\n<\/div>\n<div class=\"row\">\n<div class=\"col-md-6 col-sm-6\">\n<div class=\"form-group\"><span class=\"wpcf7-form-control-wrap text-619\"><input type=\"text\" name=\"text-619\" value=\"\" size=\"40\" class=\"wpcf7-form-control wpcf7-text wpcf7-validates-as-required form-control\" aria-required=\"true\" aria-invalid=\"false\" placeholder=\"Ad\u0131n\u0131z Soyad\u0131n\u0131z\" \/><\/span><\/div>\n<\/div>\n<div class=\"col-md-6 col-sm-6\">\n<div class=\"form-group\"><span class=\"wpcf7-form-control-wrap email-44\"><input type=\"email\" name=\"email-44\" value=\"\" size=\"40\" class=\"wpcf7-form-control wpcf7-text wpcf7-email wpcf7-validates-as-required wpcf7-validates-as-email form-control\" aria-required=\"true\" aria-invalid=\"false\" placeholder=\"E-Posta\" \/><\/span><\/div>\n<\/div>\n<div class=\"col-md-6 col-sm-6\">\n<div class=\"form-group\"><span class=\"wpcf7-form-control-wrap text-620\"><input type=\"text\" name=\"text-620\" value=\"\" size=\"40\" class=\"wpcf7-form-control wpcf7-text wpcf7-validates-as-required form-control\" aria-required=\"true\" aria-invalid=\"false\" placeholder=\"Telefon\" \/><\/span><\/div>\n<\/div>\n<div class=\"col-md-6 col-sm-6\">\n<div class=\"form-group\"><span class=\"wpcf7-form-control-wrap text-621\"><input type=\"text\" name=\"text-621\" value=\"\" size=\"40\" class=\"wpcf7-form-control wpcf7-text wpcf7-validates-as-required form-control\" aria-required=\"true\" aria-invalid=\"false\" placeholder=\"Konu\" \/><\/span><\/div>\n<\/div>\n<div class=\"col-md-12\">\n<div class=\"form-group\"><span class=\"wpcf7-form-control-wrap textarea-397\"><textarea name=\"textarea-397\" cols=\"40\" rows=\"10\" class=\"wpcf7-form-control wpcf7-textarea form-control\" aria-invalid=\"false\" placeholder=\"Mesaj\u0131n\u0131z\"><\/textarea><\/span><\/div>\n<\/div>\n<div class=\"col-md-12\"><input type=\"submit\" value=\"G\u00f6nder\" class=\"wpcf7-form-control has-spinner wpcf7-submit site-button-secondry site-btn-effect\" \/><\/div>\n<\/div>\n<\/div>\n<div class=\"wpcf7-response-output\" aria-hidden=\"true\"><\/div><\/form><\/div><\/div>\n\t\t\t\t<\/div>\n\t\t\t\t<\/div>\n\t\t\t\t\t\t<\/div>\n\t\t\t\t\t<\/div>\n\t\t<\/div>\n\t\t\t\t<div class=\"elementor-column elementor-col-50 elementor-top-column elementor-element elementor-element-6e212c3\" data-id=\"6e212c3\" data-element_type=\"column\">\n\t\t\t<div class=\"elementor-column-wrap elementor-element-populated\">\n\t\t\t\t\t\t\t<div class=\"elementor-widget-wrap\">\n\t\t\t\t\t\t<div class=\"elementor-element elementor-element-0f51984 elementor-widget elementor-widget-contact-info\" data-id=\"0f51984\" data-element_type=\"widget\" data-widget_type=\"contact-info.default\">\n\t\t\t\t<div class=\"elementor-widget-container\">\n\t\t\t\t\t<div class=\"contact-info\">\n\t\t\t<div class=\"contact-info-inner\">\n\t\t\t\t\t\t\t\t \n\n\t\t\t\t<div class=\"contact-info-section\" style=\"background-image:url(https:\/\/www.zetaindustry.com\/tr\/wp-content\/themes\/industroz\/assets\/images\/bg-map2.png);\">  \n\t\t\t\t\t\t\t\t\t\t\t<div class=\"wt-icon-box-wraper left m-b30\">\n\n\t\t\t\t\t\t\t<div class=\"icon-content\">\n\t\t\t\t\t\t\t\t<h3 class=\"m-t0 text-white\">T\u00dcRK\u0130YE OF\u0130S<\/h3>\n\t\t\t\t\t\t\t\tOrta Mahalle Olcay Sokak No:12 Orhanl\u0131, <p>34959 Tuzla\/\u0130stanbul\n<p>+90 (216) 505 89 67\n<p>+90 (216) 505 89 68 - Fax\n<p>info@zetaindustry.com\n\n\t\t\t\t\t\t\t<\/div>\n\t\t\t\t\t\t<\/div>\n\t\t\t\t\t\t\t\t\t\t\t\t<div class=\"wt-icon-box-wraper left \">\n\n\t\t\t\t\t\t\t<div class=\"icon-content\">\n\t\t\t\t\t\t\t\t<h3 class=\"m-t0 text-white\">AMER\u0130KA OF\u0130S<\/h3>\n\t\t\t\t\t\t\t\t217 East 85th Street New York, NY 10028\n<p>646-479-8372\n<p>frank@zetaindustry.com\t\t\t\t\t\t\t<\/div>\n\t\t\t\t\t\t<\/div>\n\t\t\t\t\t\t\t\t\t\t<\/div>\n\t\t\t<\/div>\n\t\t<\/div>\n\t\t\t\t<\/div>\n\t\t\t\t<\/div>\n\t\t\t\t\t\t<\/div>\n\t\t\t\t\t<\/div>\n\t\t<\/div>\n\t\t\t\t\t\t\t\t<\/div>\n\t\t\t\t\t<\/div>\n\t\t<\/section>\n\t\t\t\t<section class=\"elementor-section elementor-top-section elementor-element elementor-element-2f64bf1 elementor-section-boxed elementor-section-height-default elementor-section-height-default\" data-id=\"2f64bf1\" data-element_type=\"section\" data-settings=\"{&quot;background_background&quot;:&quot;classic&quot;}\">\n\t\t\t\t\t\t<div class=\"elementor-container elementor-column-gap-default\">\n\t\t\t\t\t\t\t<div class=\"elementor-row\">\n\t\t\t\t\t<div class=\"elementor-column elementor-col-100 elementor-top-column elementor-element elementor-element-c19dcfa\" data-id=\"c19dcfa\" data-element_type=\"column\">\n\t\t\t<div class=\"elementor-column-wrap elementor-element-populated\">\n\t\t\t\t\t\t\t<div class=\"elementor-widget-wrap\">\n\t\t\t\t\t\t<div class=\"elementor-element elementor-element-c94b803 elementor-widget elementor-widget-google_maps\" data-id=\"c94b803\" data-element_type=\"widget\" data-widget_type=\"google_maps.default\">\n\t\t\t\t<div class=\"elementor-widget-container\">\n\t\t\t\t\t<div class=\"elementor-custom-embed\">\n\t\t\t<iframe frameborder=\"0\" scrolling=\"no\" marginheight=\"0\" marginwidth=\"0\"\n\t\t\t\t\tsrc=\"https:\/\/maps.google.com\/maps?q=217%20E%2085th%20St&#038;t=m&#038;z=16&#038;output=embed&#038;iwloc=near\"\n\t\t\t\t\ttitle=\"217 E 85th St\"\n\t\t\t\t\taria-label=\"217 E 85th St\"\n\t\t\t><\/iframe>\n\t\t<\/div>\n\t\t\t\t<\/div>\n\t\t\t\t<\/div>\n\t\t\t\t\t\t<\/div>\n\t\t\t\t\t<\/div>\n\t\t<\/div>\n\t\t\t\t\t\t\t\t<\/div>\n\t\t\t\t\t<\/div>\n\t\t<\/section>\n\t\t\t\t\t\t\t\t\t<\/div>\n\t\t\t<\/div>\n\t\t\t\t\t<\/div>\n\t\t","protected":false},"excerpt":{"rendered":"<p>T\u00dcRK\u0130YE OF\u0130S Orta Mahalle Olcay Sokak No:12 Orhanl\u0131, 34959 Tuzla\/\u0130stanbul +90 (216) 505 89 67 +90 (216) 505 89 68 &#8211; Fax info@zetaindustry.com AMER\u0130KA OF\u0130S 217 East 85th Street New York, NY 10028 646-479-8372 frank@zetaindustry.com<\/p>\n","protected":false},"author":1,"featured_media":0,"parent":0,"menu_order":0,"comment_status":"closed","ping_status":"closed","template":"","meta":[],"acf":[],"_links":{"self":[{"href":"https:\/\/www.zetaindustry.com\/tr\/wp-json\/wp\/v2\/pages\/40"}],"collection":[{"href":"https:\/\/www.zetaindustry.com\/tr\/wp-json\/wp\/v2\/pages"}],"about":[{"href":"https:\/\/www.zetaindustry.com\/tr\/wp-json\/wp\/v2\/types\/page"}],"author":[{"embeddable":true,"href":"https:\/\/www.zetaindustry.com\/tr\/wp-json\/wp\/v2\/users\/1"}],"replies":[{"embeddable":true,"href":"https:\/\/www.zetaindustry.com\/tr\/wp-json\/wp\/v2\/comments?post=40"}],"version-history":[{"count":50,"href":"https:\/\/www.zetaindustry.com\/tr\/wp-json\/wp\/v2\/pages\/40\/revisions"}],"predecessor-version":[{"id":2036,"href":"https:\/\/www.zetaindustry.com\/tr\/wp-json\/wp\/v2\/pages\/40\/revisions\/2036"}],"wp:attachment":[{"href":"https:\/\/www.zetaindustry.com\/tr\/wp-json\/wp\/v2\/media?parent=40"}],"curies":[{"name":"wp","href":"https:\/\/api.w.org\/{rel}","templated":true}]}}